{"id":1008,"date":"2017-04-11T09:55:57","date_gmt":"2017-04-11T07:55:57","guid":{"rendered":"http:\/\/www.meylanfleurs.com\/?page_id=1008\/"},"modified":"2020-12-16T10:32:07","modified_gmt":"2020-12-16T09:32:07","slug":"unser-team","status":"publish","type":"page","link":"https:\/\/www.meylanfleurs.com\/de\/meylan-fleurs\/unser-team\/","title":{"rendered":"Unser Team"},"content":{"rendered":"\n<p>Meylan Fleurs kann sich auf das Talent und die Professionalit\u00e4t seiner 14 Mitarbeiter und Mitarbeiterinnen verlassen.<\/p>\n\n\n\n<p>Unser multikulturelles Team vereint eine Vielzahl von Berufen und F\u00e4higkeiten &#8211; &nbsp;vom Kunsthandwerk bis zum Verkauf. Damit die Kreationen gelingen, k\u00f6nnen Marinette D\u00e9glise, Floristin mit eidg. Fachausweis und ihr Team auf die Schreinerei, auf die Innendekoration, die Schneiderei, die Malerei oder auf das floristische Handwerk zur\u00fcckgreifen.<\/p>\n","protected":false},"excerpt":{"rendered":"<p>Meylan Fleurs kann sich auf das Talent und die Professionalit\u00e4t seiner 14 Mitarbeiter und Mitarbeiterinnen verlassen. Unser multikulturelles Team vereint eine Vielzahl von Berufen und F\u00e4higkeiten &#8211; &nbsp;vom Kunsthandwerk bis zum Verkauf. Damit die Kreationen gelingen, k\u00f6nnen Marinette D\u00e9glise, Floristin mit eidg. Fachausweis und ihr Team auf die Schreinerei, auf die Innendekoration, die Schneiderei, die [&hellip;]<\/p>\n","protected":false},"author":3,"featured_media":3710,"parent":999,"menu_order":3,"comment_status":"closed","ping_status":"closed","template":"","meta":{"_acf_changed":false,"footnotes":""},"class_list":["post-1008","page","type-page","status-publish","has-post-thumbnail","hentry"],"acf":[],"yoast_head":"<!-- This site is optimized with the Yoast SEO plugin v27.5 - https:\/\/yoast.com\/product\/yoast-seo-wordpress\/ -->\n<title>Unser Team - Meylan Fleurs, Lausanne<\/title>\n<meta name=\"robots\" content=\"index, follow, max-snippet:-1, max-image-preview:large, max-video-preview:-1\" \/>\n<link rel=\"canonical\" href=\"https:\/\/www.meylanfleurs.com\/de\/meylan-fleurs\/unser-team\/\" \/>\n<meta property=\"og:locale\" content=\"de_DE\" \/>\n<meta property=\"og:type\" content=\"article\" \/>\n<meta property=\"og:title\" content=\"Unser Team - Meylan Fleurs, Lausanne\" \/>\n<meta property=\"og:description\" content=\"Meylan Fleurs kann sich auf das Talent und die Professionalit\u00e4t seiner 14 Mitarbeiter und Mitarbeiterinnen verlassen. Unser multikulturelles Team vereint eine Vielzahl von Berufen und F\u00e4higkeiten &#8211; &nbsp;vom Kunsthandwerk bis zum Verkauf. Damit die Kreationen gelingen, k\u00f6nnen Marinette D\u00e9glise, Floristin mit eidg. Fachausweis und ihr Team auf die Schreinerei, auf die Innendekoration, die Schneiderei, die [&hellip;]\" \/>\n<meta property=\"og:url\" content=\"https:\/\/www.meylanfleurs.com\/de\/meylan-fleurs\/unser-team\/\" \/>\n<meta property=\"og:site_name\" content=\"Meylan Fleurs, Lausanne\" \/>\n<meta property=\"article:modified_time\" content=\"2020-12-16T09:32:07+00:00\" \/>\n<meta property=\"og:image\" content=\"https:\/\/www.meylanfleurs.com\/wp-content\/uploads\/2016\/10\/bandeau_equipe-ret-1-scaled.jpg\" \/>\n\t<meta property=\"og:image:width\" content=\"2560\" \/>\n\t<meta property=\"og:image:height\" content=\"742\" \/>\n\t<meta property=\"og:image:type\" content=\"image\/jpeg\" \/>\n<meta name=\"twitter:card\" content=\"summary_large_image\" \/>\n<script type=\"application\/ld+json\" class=\"yoast-schema-graph\">{\"@context\":\"https:\\\/\\\/schema.org\",\"@graph\":[{\"@type\":\"WebPage\",\"@id\":\"https:\\\/\\\/www.meylanfleurs.com\\\/de\\\/meylan-fleurs\\\/unser-team\\\/\",\"url\":\"https:\\\/\\\/www.meylanfleurs.com\\\/de\\\/meylan-fleurs\\\/unser-team\\\/\",\"name\":\"Unser Team - Meylan Fleurs, Lausanne\",\"isPartOf\":{\"@id\":\"https:\\\/\\\/www.meylanfleurs.com\\\/#website\"},\"primaryImageOfPage\":{\"@id\":\"https:\\\/\\\/www.meylanfleurs.com\\\/de\\\/meylan-fleurs\\\/unser-team\\\/#primaryimage\"},\"image\":{\"@id\":\"https:\\\/\\\/www.meylanfleurs.com\\\/de\\\/meylan-fleurs\\\/unser-team\\\/#primaryimage\"},\"thumbnailUrl\":\"https:\\\/\\\/www.meylanfleurs.com\\\/wp-content\\\/uploads\\\/2023\\\/04\\\/flower-1786499-scaled.jpg\",\"datePublished\":\"2017-04-11T07:55:57+00:00\",\"dateModified\":\"2020-12-16T09:32:07+00:00\",\"breadcrumb\":{\"@id\":\"https:\\\/\\\/www.meylanfleurs.com\\\/de\\\/meylan-fleurs\\\/unser-team\\\/#breadcrumb\"},\"inLanguage\":\"de-DE\",\"potentialAction\":[{\"@type\":\"ReadAction\",\"target\":[\"https:\\\/\\\/www.meylanfleurs.com\\\/de\\\/meylan-fleurs\\\/unser-team\\\/\"]}]},{\"@type\":\"ImageObject\",\"inLanguage\":\"de-DE\",\"@id\":\"https:\\\/\\\/www.meylanfleurs.com\\\/de\\\/meylan-fleurs\\\/unser-team\\\/#primaryimage\",\"url\":\"https:\\\/\\\/www.meylanfleurs.com\\\/wp-content\\\/uploads\\\/2023\\\/04\\\/flower-1786499-scaled.jpg\",\"contentUrl\":\"https:\\\/\\\/www.meylanfleurs.com\\\/wp-content\\\/uploads\\\/2023\\\/04\\\/flower-1786499-scaled.jpg\",\"width\":2560,\"height\":1706},{\"@type\":\"BreadcrumbList\",\"@id\":\"https:\\\/\\\/www.meylanfleurs.com\\\/de\\\/meylan-fleurs\\\/unser-team\\\/#breadcrumb\",\"itemListElement\":[{\"@type\":\"ListItem\",\"position\":1,\"name\":\"Accueil\",\"item\":\"https:\\\/\\\/www.meylanfleurs.com\\\/de\\\/\"},{\"@type\":\"ListItem\",\"position\":2,\"name\":\"Meylan Fleurs\",\"item\":\"https:\\\/\\\/www.meylanfleurs.com\\\/de\\\/meylan-fleurs\\\/\"},{\"@type\":\"ListItem\",\"position\":3,\"name\":\"Unser Team\"}]},{\"@type\":\"WebSite\",\"@id\":\"https:\\\/\\\/www.meylanfleurs.com\\\/#website\",\"url\":\"https:\\\/\\\/www.meylanfleurs.com\\\/\",\"name\":\"Meylan Fleurs, Lausanne\",\"description\":\"Magasin de fleurs et atelier\",\"potentialAction\":[{\"@type\":\"SearchAction\",\"target\":{\"@type\":\"EntryPoint\",\"urlTemplate\":\"https:\\\/\\\/www.meylanfleurs.com\\\/?s={search_term_string}\"},\"query-input\":{\"@type\":\"PropertyValueSpecification\",\"valueRequired\":true,\"valueName\":\"search_term_string\"}}],\"inLanguage\":\"de-DE\"}]}<\/script>\n<!-- \/ Yoast SEO plugin. -->","yoast_head_json":{"title":"Unser Team - Meylan Fleurs, Lausanne","robots":{"index":"index","follow":"follow","max-snippet":"max-snippet:-1","max-image-preview":"max-image-preview:large","max-video-preview":"max-video-preview:-1"},"canonical":"https:\/\/www.meylanfleurs.com\/de\/meylan-fleurs\/unser-team\/","og_locale":"de_DE","og_type":"article","og_title":"Unser Team - Meylan Fleurs, Lausanne","og_description":"Meylan Fleurs kann sich auf das Talent und die Professionalit\u00e4t seiner 14 Mitarbeiter und Mitarbeiterinnen verlassen. Unser multikulturelles Team vereint eine Vielzahl von Berufen und F\u00e4higkeiten &#8211; &nbsp;vom Kunsthandwerk bis zum Verkauf. Damit die Kreationen gelingen, k\u00f6nnen Marinette D\u00e9glise, Floristin mit eidg. Fachausweis und ihr Team auf die Schreinerei, auf die Innendekoration, die Schneiderei, die [&hellip;]","og_url":"https:\/\/www.meylanfleurs.com\/de\/meylan-fleurs\/unser-team\/","og_site_name":"Meylan Fleurs, Lausanne","article_modified_time":"2020-12-16T09:32:07+00:00","og_image":[{"width":2560,"height":742,"url":"https:\/\/www.meylanfleurs.com\/wp-content\/uploads\/2016\/10\/bandeau_equipe-ret-1-scaled.jpg","type":"image\/jpeg"}],"twitter_card":"summary_large_image","schema":{"@context":"https:\/\/schema.org","@graph":[{"@type":"WebPage","@id":"https:\/\/www.meylanfleurs.com\/de\/meylan-fleurs\/unser-team\/","url":"https:\/\/www.meylanfleurs.com\/de\/meylan-fleurs\/unser-team\/","name":"Unser Team - Meylan Fleurs, Lausanne","isPartOf":{"@id":"https:\/\/www.meylanfleurs.com\/#website"},"primaryImageOfPage":{"@id":"https:\/\/www.meylanfleurs.com\/de\/meylan-fleurs\/unser-team\/#primaryimage"},"image":{"@id":"https:\/\/www.meylanfleurs.com\/de\/meylan-fleurs\/unser-team\/#primaryimage"},"thumbnailUrl":"https:\/\/www.meylanfleurs.com\/wp-content\/uploads\/2023\/04\/flower-1786499-scaled.jpg","datePublished":"2017-04-11T07:55:57+00:00","dateModified":"2020-12-16T09:32:07+00:00","breadcrumb":{"@id":"https:\/\/www.meylanfleurs.com\/de\/meylan-fleurs\/unser-team\/#breadcrumb"},"inLanguage":"de-DE","potentialAction":[{"@type":"ReadAction","target":["https:\/\/www.meylanfleurs.com\/de\/meylan-fleurs\/unser-team\/"]}]},{"@type":"ImageObject","inLanguage":"de-DE","@id":"https:\/\/www.meylanfleurs.com\/de\/meylan-fleurs\/unser-team\/#primaryimage","url":"https:\/\/www.meylanfleurs.com\/wp-content\/uploads\/2023\/04\/flower-1786499-scaled.jpg","contentUrl":"https:\/\/www.meylanfleurs.com\/wp-content\/uploads\/2023\/04\/flower-1786499-scaled.jpg","width":2560,"height":1706},{"@type":"BreadcrumbList","@id":"https:\/\/www.meylanfleurs.com\/de\/meylan-fleurs\/unser-team\/#breadcrumb","itemListElement":[{"@type":"ListItem","position":1,"name":"Accueil","item":"https:\/\/www.meylanfleurs.com\/de\/"},{"@type":"ListItem","position":2,"name":"Meylan Fleurs","item":"https:\/\/www.meylanfleurs.com\/de\/meylan-fleurs\/"},{"@type":"ListItem","position":3,"name":"Unser Team"}]},{"@type":"WebSite","@id":"https:\/\/www.meylanfleurs.com\/#website","url":"https:\/\/www.meylanfleurs.com\/","name":"Meylan Fleurs, Lausanne","description":"Magasin de fleurs et atelier","potentialAction":[{"@type":"SearchAction","target":{"@type":"EntryPoint","urlTemplate":"https:\/\/www.meylanfleurs.com\/?s={search_term_string}"},"query-input":{"@type":"PropertyValueSpecification","valueRequired":true,"valueName":"search_term_string"}}],"inLanguage":"de-DE"}]}},"_links":{"self":[{"href":"https:\/\/www.meylanfleurs.com\/de\/wp-json\/wp\/v2\/pages\/1008","targetHints":{"allow":["GET"]}}],"collection":[{"href":"https:\/\/www.meylanfleurs.com\/de\/wp-json\/wp\/v2\/pages"}],"about":[{"href":"https:\/\/www.meylanfleurs.com\/de\/wp-json\/wp\/v2\/types\/page"}],"author":[{"embeddable":true,"href":"https:\/\/www.meylanfleurs.com\/de\/wp-json\/wp\/v2\/users\/3"}],"replies":[{"embeddable":true,"href":"https:\/\/www.meylanfleurs.com\/de\/wp-json\/wp\/v2\/comments?post=1008"}],"version-history":[{"count":3,"href":"https:\/\/www.meylanfleurs.com\/de\/wp-json\/wp\/v2\/pages\/1008\/revisions"}],"predecessor-version":[{"id":2187,"href":"https:\/\/www.meylanfleurs.com\/de\/wp-json\/wp\/v2\/pages\/1008\/revisions\/2187"}],"up":[{"embeddable":true,"href":"https:\/\/www.meylanfleurs.com\/de\/wp-json\/wp\/v2\/pages\/999"}],"wp:featuredmedia":[{"embeddable":true,"href":"https:\/\/www.meylanfleurs.com\/de\/wp-json\/wp\/v2\/media\/3710"}],"wp:attachment":[{"href":"https:\/\/www.meylanfleurs.com\/de\/wp-json\/wp\/v2\/media?parent=1008"}],"curies":[{"name":"wp","href":"https:\/\/api.w.org\/{rel}","templated":true}]}}