{"id":1025,"date":"2017-04-11T09:57:48","date_gmt":"2017-04-11T07:57:48","guid":{"rendered":"http:\/\/www.meylanfleurs.com\/?page_id=1025\/"},"modified":"2020-12-16T10:40:25","modified_gmt":"2020-12-16T09:40:25","slug":"hochzeiten","status":"publish","type":"page","link":"https:\/\/www.meylanfleurs.com\/de\/unsere-kreationen\/hochzeiten\/","title":{"rendered":"Hochzeiten"},"content":{"rendered":"\n<p>Unser Haus setzt seine ganze Kreativit\u00e4t und sein Fachwissen ein, um Ihren Tag noch sch\u00f6ner zu gestalten.<\/p>\n\n\n\n<p>Dass dieser grosse Tag gelingt, hat bei uns erste Priorit\u00e4t. Blumenstr\u00e4usse, Kerzen, Kr\u00e4nze oder Blumenbeete, wir h\u00f6ren auf Ihre Bed\u00fcrfnisse und beraten Sie gerne pers\u00f6nlich in unserem Laden.<\/p>\n\n\n\n<p>Gratis Vor\u00adan\u00adschlag<\/p>\n\n\n\n<p>Nur nach Terminvereinbarung<\/p>\n","protected":false},"excerpt":{"rendered":"<p>Unser Haus setzt seine ganze Kreativit\u00e4t und sein Fachwissen ein, um Ihren Tag noch sch\u00f6ner zu gestalten. Dass dieser grosse Tag gelingt, hat bei uns erste Priorit\u00e4t. Blumenstr\u00e4usse, Kerzen, Kr\u00e4nze oder Blumenbeete, wir h\u00f6ren auf Ihre Bed\u00fcrfnisse und beraten Sie gerne pers\u00f6nlich in unserem Laden. Gratis Vor\u00adan\u00adschlag Nur nach Terminvereinbarung<\/p>\n","protected":false},"author":3,"featured_media":1392,"parent":1015,"menu_order":3,"comment_status":"closed","ping_status":"closed","template":"","meta":{"_acf_changed":false,"footnotes":""},"class_list":["post-1025","page","type-page","status-publish","has-post-thumbnail","hentry"],"acf":[],"yoast_head":"<!-- This site is optimized with the Yoast SEO plugin v27.5 - https:\/\/yoast.com\/product\/yoast-seo-wordpress\/ -->\n<title>Hochzeiten - Meylan Fleurs, Lausanne<\/title>\n<meta name=\"robots\" content=\"index, follow, max-snippet:-1, max-image-preview:large, max-video-preview:-1\" \/>\n<link rel=\"canonical\" href=\"https:\/\/www.meylanfleurs.com\/de\/unsere-kreationen\/hochzeiten\/\" \/>\n<meta property=\"og:locale\" content=\"de_DE\" \/>\n<meta property=\"og:type\" content=\"article\" \/>\n<meta property=\"og:title\" content=\"Hochzeiten - Meylan Fleurs, Lausanne\" \/>\n<meta property=\"og:description\" content=\"Unser Haus setzt seine ganze Kreativit\u00e4t und sein Fachwissen ein, um Ihren Tag noch sch\u00f6ner zu gestalten. Dass dieser grosse Tag gelingt, hat bei uns erste Priorit\u00e4t. Blumenstr\u00e4usse, Kerzen, Kr\u00e4nze oder Blumenbeete, wir h\u00f6ren auf Ihre Bed\u00fcrfnisse und beraten Sie gerne pers\u00f6nlich in unserem Laden. Gratis Vor\u00adan\u00adschlag Nur nach Terminvereinbarung\" \/>\n<meta property=\"og:url\" content=\"https:\/\/www.meylanfleurs.com\/de\/unsere-kreationen\/hochzeiten\/\" \/>\n<meta property=\"og:site_name\" content=\"Meylan Fleurs, Lausanne\" \/>\n<meta property=\"article:modified_time\" content=\"2020-12-16T09:40:25+00:00\" \/>\n<meta property=\"og:image\" content=\"https:\/\/www.meylanfleurs.com\/wp-content\/uploads\/2016\/10\/bandeau-mariage-1.jpg\" \/>\n\t<meta property=\"og:image:width\" content=\"1644\" \/>\n\t<meta property=\"og:image:height\" content=\"476\" \/>\n\t<meta property=\"og:image:type\" content=\"image\/jpeg\" \/>\n<meta name=\"twitter:card\" content=\"summary_large_image\" \/>\n<script type=\"application\/ld+json\" class=\"yoast-schema-graph\">{\"@context\":\"https:\\\/\\\/schema.org\",\"@graph\":[{\"@type\":\"WebPage\",\"@id\":\"https:\\\/\\\/www.meylanfleurs.com\\\/de\\\/unsere-kreationen\\\/hochzeiten\\\/\",\"url\":\"https:\\\/\\\/www.meylanfleurs.com\\\/de\\\/unsere-kreationen\\\/hochzeiten\\\/\",\"name\":\"Hochzeiten - Meylan Fleurs, Lausanne\",\"isPartOf\":{\"@id\":\"https:\\\/\\\/www.meylanfleurs.com\\\/#website\"},\"primaryImageOfPage\":{\"@id\":\"https:\\\/\\\/www.meylanfleurs.com\\\/de\\\/unsere-kreationen\\\/hochzeiten\\\/#primaryimage\"},\"image\":{\"@id\":\"https:\\\/\\\/www.meylanfleurs.com\\\/de\\\/unsere-kreationen\\\/hochzeiten\\\/#primaryimage\"},\"thumbnailUrl\":\"https:\\\/\\\/www.meylanfleurs.com\\\/wp-content\\\/uploads\\\/2016\\\/10\\\/bandeau-mariage-1.jpg\",\"datePublished\":\"2017-04-11T07:57:48+00:00\",\"dateModified\":\"2020-12-16T09:40:25+00:00\",\"breadcrumb\":{\"@id\":\"https:\\\/\\\/www.meylanfleurs.com\\\/de\\\/unsere-kreationen\\\/hochzeiten\\\/#breadcrumb\"},\"inLanguage\":\"de-DE\",\"potentialAction\":[{\"@type\":\"ReadAction\",\"target\":[\"https:\\\/\\\/www.meylanfleurs.com\\\/de\\\/unsere-kreationen\\\/hochzeiten\\\/\"]}]},{\"@type\":\"ImageObject\",\"inLanguage\":\"de-DE\",\"@id\":\"https:\\\/\\\/www.meylanfleurs.com\\\/de\\\/unsere-kreationen\\\/hochzeiten\\\/#primaryimage\",\"url\":\"https:\\\/\\\/www.meylanfleurs.com\\\/wp-content\\\/uploads\\\/2016\\\/10\\\/bandeau-mariage-1.jpg\",\"contentUrl\":\"https:\\\/\\\/www.meylanfleurs.com\\\/wp-content\\\/uploads\\\/2016\\\/10\\\/bandeau-mariage-1.jpg\",\"width\":1644,\"height\":476},{\"@type\":\"BreadcrumbList\",\"@id\":\"https:\\\/\\\/www.meylanfleurs.com\\\/de\\\/unsere-kreationen\\\/hochzeiten\\\/#breadcrumb\",\"itemListElement\":[{\"@type\":\"ListItem\",\"position\":1,\"name\":\"Accueil\",\"item\":\"https:\\\/\\\/www.meylanfleurs.com\\\/de\\\/\"},{\"@type\":\"ListItem\",\"position\":2,\"name\":\"Unsere Kreationen\",\"item\":\"https:\\\/\\\/www.meylanfleurs.com\\\/de\\\/unsere-kreationen\\\/\"},{\"@type\":\"ListItem\",\"position\":3,\"name\":\"Hochzeiten\"}]},{\"@type\":\"WebSite\",\"@id\":\"https:\\\/\\\/www.meylanfleurs.com\\\/#website\",\"url\":\"https:\\\/\\\/www.meylanfleurs.com\\\/\",\"name\":\"Meylan Fleurs, Lausanne\",\"description\":\"Magasin de fleurs et atelier\",\"potentialAction\":[{\"@type\":\"SearchAction\",\"target\":{\"@type\":\"EntryPoint\",\"urlTemplate\":\"https:\\\/\\\/www.meylanfleurs.com\\\/?s={search_term_string}\"},\"query-input\":{\"@type\":\"PropertyValueSpecification\",\"valueRequired\":true,\"valueName\":\"search_term_string\"}}],\"inLanguage\":\"de-DE\"}]}<\/script>\n<!-- \/ Yoast SEO plugin. -->","yoast_head_json":{"title":"Hochzeiten - Meylan Fleurs, Lausanne","robots":{"index":"index","follow":"follow","max-snippet":"max-snippet:-1","max-image-preview":"max-image-preview:large","max-video-preview":"max-video-preview:-1"},"canonical":"https:\/\/www.meylanfleurs.com\/de\/unsere-kreationen\/hochzeiten\/","og_locale":"de_DE","og_type":"article","og_title":"Hochzeiten - Meylan Fleurs, Lausanne","og_description":"Unser Haus setzt seine ganze Kreativit\u00e4t und sein Fachwissen ein, um Ihren Tag noch sch\u00f6ner zu gestalten. Dass dieser grosse Tag gelingt, hat bei uns erste Priorit\u00e4t. Blumenstr\u00e4usse, Kerzen, Kr\u00e4nze oder Blumenbeete, wir h\u00f6ren auf Ihre Bed\u00fcrfnisse und beraten Sie gerne pers\u00f6nlich in unserem Laden. Gratis Vor\u00adan\u00adschlag Nur nach Terminvereinbarung","og_url":"https:\/\/www.meylanfleurs.com\/de\/unsere-kreationen\/hochzeiten\/","og_site_name":"Meylan Fleurs, Lausanne","article_modified_time":"2020-12-16T09:40:25+00:00","og_image":[{"width":1644,"height":476,"url":"https:\/\/www.meylanfleurs.com\/wp-content\/uploads\/2016\/10\/bandeau-mariage-1.jpg","type":"image\/jpeg"}],"twitter_card":"summary_large_image","schema":{"@context":"https:\/\/schema.org","@graph":[{"@type":"WebPage","@id":"https:\/\/www.meylanfleurs.com\/de\/unsere-kreationen\/hochzeiten\/","url":"https:\/\/www.meylanfleurs.com\/de\/unsere-kreationen\/hochzeiten\/","name":"Hochzeiten - Meylan Fleurs, Lausanne","isPartOf":{"@id":"https:\/\/www.meylanfleurs.com\/#website"},"primaryImageOfPage":{"@id":"https:\/\/www.meylanfleurs.com\/de\/unsere-kreationen\/hochzeiten\/#primaryimage"},"image":{"@id":"https:\/\/www.meylanfleurs.com\/de\/unsere-kreationen\/hochzeiten\/#primaryimage"},"thumbnailUrl":"https:\/\/www.meylanfleurs.com\/wp-content\/uploads\/2016\/10\/bandeau-mariage-1.jpg","datePublished":"2017-04-11T07:57:48+00:00","dateModified":"2020-12-16T09:40:25+00:00","breadcrumb":{"@id":"https:\/\/www.meylanfleurs.com\/de\/unsere-kreationen\/hochzeiten\/#breadcrumb"},"inLanguage":"de-DE","potentialAction":[{"@type":"ReadAction","target":["https:\/\/www.meylanfleurs.com\/de\/unsere-kreationen\/hochzeiten\/"]}]},{"@type":"ImageObject","inLanguage":"de-DE","@id":"https:\/\/www.meylanfleurs.com\/de\/unsere-kreationen\/hochzeiten\/#primaryimage","url":"https:\/\/www.meylanfleurs.com\/wp-content\/uploads\/2016\/10\/bandeau-mariage-1.jpg","contentUrl":"https:\/\/www.meylanfleurs.com\/wp-content\/uploads\/2016\/10\/bandeau-mariage-1.jpg","width":1644,"height":476},{"@type":"BreadcrumbList","@id":"https:\/\/www.meylanfleurs.com\/de\/unsere-kreationen\/hochzeiten\/#breadcrumb","itemListElement":[{"@type":"ListItem","position":1,"name":"Accueil","item":"https:\/\/www.meylanfleurs.com\/de\/"},{"@type":"ListItem","position":2,"name":"Unsere Kreationen","item":"https:\/\/www.meylanfleurs.com\/de\/unsere-kreationen\/"},{"@type":"ListItem","position":3,"name":"Hochzeiten"}]},{"@type":"WebSite","@id":"https:\/\/www.meylanfleurs.com\/#website","url":"https:\/\/www.meylanfleurs.com\/","name":"Meylan Fleurs, Lausanne","description":"Magasin de fleurs et atelier","potentialAction":[{"@type":"SearchAction","target":{"@type":"EntryPoint","urlTemplate":"https:\/\/www.meylanfleurs.com\/?s={search_term_string}"},"query-input":{"@type":"PropertyValueSpecification","valueRequired":true,"valueName":"search_term_string"}}],"inLanguage":"de-DE"}]}},"_links":{"self":[{"href":"https:\/\/www.meylanfleurs.com\/de\/wp-json\/wp\/v2\/pages\/1025","targetHints":{"allow":["GET"]}}],"collection":[{"href":"https:\/\/www.meylanfleurs.com\/de\/wp-json\/wp\/v2\/pages"}],"about":[{"href":"https:\/\/www.meylanfleurs.com\/de\/wp-json\/wp\/v2\/types\/page"}],"author":[{"embeddable":true,"href":"https:\/\/www.meylanfleurs.com\/de\/wp-json\/wp\/v2\/users\/3"}],"replies":[{"embeddable":true,"href":"https:\/\/www.meylanfleurs.com\/de\/wp-json\/wp\/v2\/comments?post=1025"}],"version-history":[{"count":3,"href":"https:\/\/www.meylanfleurs.com\/de\/wp-json\/wp\/v2\/pages\/1025\/revisions"}],"predecessor-version":[{"id":2207,"href":"https:\/\/www.meylanfleurs.com\/de\/wp-json\/wp\/v2\/pages\/1025\/revisions\/2207"}],"up":[{"embeddable":true,"href":"https:\/\/www.meylanfleurs.com\/de\/wp-json\/wp\/v2\/pages\/1015"}],"wp:featuredmedia":[{"embeddable":true,"href":"https:\/\/www.meylanfleurs.com\/de\/wp-json\/wp\/v2\/media\/1392"}],"wp:attachment":[{"href":"https:\/\/www.meylanfleurs.com\/de\/wp-json\/wp\/v2\/media?parent=1025"}],"curies":[{"name":"wp","href":"https:\/\/api.w.org\/{rel}","templated":true}]}}