{"id":1031,"date":"2017-04-11T09:58:27","date_gmt":"2017-04-11T07:58:27","guid":{"rendered":"http:\/\/www.meylanfleurs.com\/?page_id=1031\/"},"modified":"2020-12-16T10:43:13","modified_gmt":"2020-12-16T09:43:13","slug":"feiertage","status":"publish","type":"page","link":"https:\/\/www.meylanfleurs.com\/de\/unsere-kreationen\/feiertage\/","title":{"rendered":"Feiertage"},"content":{"rendered":"\n<p>Feiertage sind der Rhythmus des Jahres und unser Haus schm\u00fcckt sie gerne mit Blumen.<\/p>\n\n\n\n<p>Am 14. Februar feiern wir die Verliebten und im Mai die M\u00fctter.<\/p>\n\n\n\n<p>Ob 1. Mai, Weihnachten oder alle anderen religi\u00f6sen Feste, wir begleiten die Festivit\u00e4ten und schaffen passende Kompositionen f\u00fcr jeden Anlass.<\/p>\n","protected":false},"excerpt":{"rendered":"<p>Feiertage sind der Rhythmus des Jahres und unser Haus schm\u00fcckt sie gerne mit Blumen. Am 14. Februar feiern wir die Verliebten und im Mai die M\u00fctter. Ob 1. Mai, Weihnachten oder alle anderen religi\u00f6sen Feste, wir begleiten die Festivit\u00e4ten und schaffen passende Kompositionen f\u00fcr jeden Anlass.<\/p>\n","protected":false},"author":3,"featured_media":1427,"parent":1015,"menu_order":5,"comment_status":"closed","ping_status":"closed","template":"","meta":{"_acf_changed":false,"footnotes":""},"class_list":["post-1031","page","type-page","status-publish","has-post-thumbnail","hentry"],"acf":[],"yoast_head":"<!-- This site is optimized with the Yoast SEO plugin v27.5 - https:\/\/yoast.com\/product\/yoast-seo-wordpress\/ -->\n<title>Feiertage - Meylan Fleurs, Lausanne<\/title>\n<meta name=\"robots\" content=\"index, follow, max-snippet:-1, max-image-preview:large, max-video-preview:-1\" \/>\n<link rel=\"canonical\" href=\"https:\/\/www.meylanfleurs.com\/de\/unsere-kreationen\/feiertage\/\" \/>\n<meta property=\"og:locale\" content=\"de_DE\" \/>\n<meta property=\"og:type\" content=\"article\" \/>\n<meta property=\"og:title\" content=\"Feiertage - Meylan Fleurs, Lausanne\" \/>\n<meta property=\"og:description\" content=\"Feiertage sind der Rhythmus des Jahres und unser Haus schm\u00fcckt sie gerne mit Blumen. Am 14. Februar feiern wir die Verliebten und im Mai die M\u00fctter. Ob 1. Mai, Weihnachten oder alle anderen religi\u00f6sen Feste, wir begleiten die Festivit\u00e4ten und schaffen passende Kompositionen f\u00fcr jeden Anlass.\" \/>\n<meta property=\"og:url\" content=\"https:\/\/www.meylanfleurs.com\/de\/unsere-kreationen\/feiertage\/\" \/>\n<meta property=\"og:site_name\" content=\"Meylan Fleurs, Lausanne\" \/>\n<meta property=\"article:modified_time\" content=\"2020-12-16T09:43:13+00:00\" \/>\n<meta property=\"og:image\" content=\"https:\/\/www.meylanfleurs.com\/wp-content\/uploads\/2016\/11\/fetes-1.jpg\" \/>\n\t<meta property=\"og:image:width\" content=\"1644\" \/>\n\t<meta property=\"og:image:height\" content=\"476\" \/>\n\t<meta property=\"og:image:type\" content=\"image\/jpeg\" \/>\n<meta name=\"twitter:card\" content=\"summary_large_image\" \/>\n<script type=\"application\/ld+json\" class=\"yoast-schema-graph\">{\"@context\":\"https:\\\/\\\/schema.org\",\"@graph\":[{\"@type\":\"WebPage\",\"@id\":\"https:\\\/\\\/www.meylanfleurs.com\\\/de\\\/unsere-kreationen\\\/feiertage\\\/\",\"url\":\"https:\\\/\\\/www.meylanfleurs.com\\\/de\\\/unsere-kreationen\\\/feiertage\\\/\",\"name\":\"Feiertage - Meylan Fleurs, Lausanne\",\"isPartOf\":{\"@id\":\"https:\\\/\\\/www.meylanfleurs.com\\\/#website\"},\"primaryImageOfPage\":{\"@id\":\"https:\\\/\\\/www.meylanfleurs.com\\\/de\\\/unsere-kreationen\\\/feiertage\\\/#primaryimage\"},\"image\":{\"@id\":\"https:\\\/\\\/www.meylanfleurs.com\\\/de\\\/unsere-kreationen\\\/feiertage\\\/#primaryimage\"},\"thumbnailUrl\":\"https:\\\/\\\/www.meylanfleurs.com\\\/wp-content\\\/uploads\\\/2016\\\/11\\\/fetes-1.jpg\",\"datePublished\":\"2017-04-11T07:58:27+00:00\",\"dateModified\":\"2020-12-16T09:43:13+00:00\",\"breadcrumb\":{\"@id\":\"https:\\\/\\\/www.meylanfleurs.com\\\/de\\\/unsere-kreationen\\\/feiertage\\\/#breadcrumb\"},\"inLanguage\":\"de-DE\",\"potentialAction\":[{\"@type\":\"ReadAction\",\"target\":[\"https:\\\/\\\/www.meylanfleurs.com\\\/de\\\/unsere-kreationen\\\/feiertage\\\/\"]}]},{\"@type\":\"ImageObject\",\"inLanguage\":\"de-DE\",\"@id\":\"https:\\\/\\\/www.meylanfleurs.com\\\/de\\\/unsere-kreationen\\\/feiertage\\\/#primaryimage\",\"url\":\"https:\\\/\\\/www.meylanfleurs.com\\\/wp-content\\\/uploads\\\/2016\\\/11\\\/fetes-1.jpg\",\"contentUrl\":\"https:\\\/\\\/www.meylanfleurs.com\\\/wp-content\\\/uploads\\\/2016\\\/11\\\/fetes-1.jpg\",\"width\":1644,\"height\":476},{\"@type\":\"BreadcrumbList\",\"@id\":\"https:\\\/\\\/www.meylanfleurs.com\\\/de\\\/unsere-kreationen\\\/feiertage\\\/#breadcrumb\",\"itemListElement\":[{\"@type\":\"ListItem\",\"position\":1,\"name\":\"Accueil\",\"item\":\"https:\\\/\\\/www.meylanfleurs.com\\\/de\\\/\"},{\"@type\":\"ListItem\",\"position\":2,\"name\":\"Unsere Kreationen\",\"item\":\"https:\\\/\\\/www.meylanfleurs.com\\\/de\\\/unsere-kreationen\\\/\"},{\"@type\":\"ListItem\",\"position\":3,\"name\":\"Feiertage\"}]},{\"@type\":\"WebSite\",\"@id\":\"https:\\\/\\\/www.meylanfleurs.com\\\/#website\",\"url\":\"https:\\\/\\\/www.meylanfleurs.com\\\/\",\"name\":\"Meylan Fleurs, Lausanne\",\"description\":\"Magasin de fleurs et atelier\",\"potentialAction\":[{\"@type\":\"SearchAction\",\"target\":{\"@type\":\"EntryPoint\",\"urlTemplate\":\"https:\\\/\\\/www.meylanfleurs.com\\\/?s={search_term_string}\"},\"query-input\":{\"@type\":\"PropertyValueSpecification\",\"valueRequired\":true,\"valueName\":\"search_term_string\"}}],\"inLanguage\":\"de-DE\"}]}<\/script>\n<!-- \/ Yoast SEO plugin. -->","yoast_head_json":{"title":"Feiertage - Meylan Fleurs, Lausanne","robots":{"index":"index","follow":"follow","max-snippet":"max-snippet:-1","max-image-preview":"max-image-preview:large","max-video-preview":"max-video-preview:-1"},"canonical":"https:\/\/www.meylanfleurs.com\/de\/unsere-kreationen\/feiertage\/","og_locale":"de_DE","og_type":"article","og_title":"Feiertage - Meylan Fleurs, Lausanne","og_description":"Feiertage sind der Rhythmus des Jahres und unser Haus schm\u00fcckt sie gerne mit Blumen. Am 14. Februar feiern wir die Verliebten und im Mai die M\u00fctter. Ob 1. Mai, Weihnachten oder alle anderen religi\u00f6sen Feste, wir begleiten die Festivit\u00e4ten und schaffen passende Kompositionen f\u00fcr jeden Anlass.","og_url":"https:\/\/www.meylanfleurs.com\/de\/unsere-kreationen\/feiertage\/","og_site_name":"Meylan Fleurs, Lausanne","article_modified_time":"2020-12-16T09:43:13+00:00","og_image":[{"width":1644,"height":476,"url":"https:\/\/www.meylanfleurs.com\/wp-content\/uploads\/2016\/11\/fetes-1.jpg","type":"image\/jpeg"}],"twitter_card":"summary_large_image","schema":{"@context":"https:\/\/schema.org","@graph":[{"@type":"WebPage","@id":"https:\/\/www.meylanfleurs.com\/de\/unsere-kreationen\/feiertage\/","url":"https:\/\/www.meylanfleurs.com\/de\/unsere-kreationen\/feiertage\/","name":"Feiertage - Meylan Fleurs, Lausanne","isPartOf":{"@id":"https:\/\/www.meylanfleurs.com\/#website"},"primaryImageOfPage":{"@id":"https:\/\/www.meylanfleurs.com\/de\/unsere-kreationen\/feiertage\/#primaryimage"},"image":{"@id":"https:\/\/www.meylanfleurs.com\/de\/unsere-kreationen\/feiertage\/#primaryimage"},"thumbnailUrl":"https:\/\/www.meylanfleurs.com\/wp-content\/uploads\/2016\/11\/fetes-1.jpg","datePublished":"2017-04-11T07:58:27+00:00","dateModified":"2020-12-16T09:43:13+00:00","breadcrumb":{"@id":"https:\/\/www.meylanfleurs.com\/de\/unsere-kreationen\/feiertage\/#breadcrumb"},"inLanguage":"de-DE","potentialAction":[{"@type":"ReadAction","target":["https:\/\/www.meylanfleurs.com\/de\/unsere-kreationen\/feiertage\/"]}]},{"@type":"ImageObject","inLanguage":"de-DE","@id":"https:\/\/www.meylanfleurs.com\/de\/unsere-kreationen\/feiertage\/#primaryimage","url":"https:\/\/www.meylanfleurs.com\/wp-content\/uploads\/2016\/11\/fetes-1.jpg","contentUrl":"https:\/\/www.meylanfleurs.com\/wp-content\/uploads\/2016\/11\/fetes-1.jpg","width":1644,"height":476},{"@type":"BreadcrumbList","@id":"https:\/\/www.meylanfleurs.com\/de\/unsere-kreationen\/feiertage\/#breadcrumb","itemListElement":[{"@type":"ListItem","position":1,"name":"Accueil","item":"https:\/\/www.meylanfleurs.com\/de\/"},{"@type":"ListItem","position":2,"name":"Unsere Kreationen","item":"https:\/\/www.meylanfleurs.com\/de\/unsere-kreationen\/"},{"@type":"ListItem","position":3,"name":"Feiertage"}]},{"@type":"WebSite","@id":"https:\/\/www.meylanfleurs.com\/#website","url":"https:\/\/www.meylanfleurs.com\/","name":"Meylan Fleurs, Lausanne","description":"Magasin de fleurs et atelier","potentialAction":[{"@type":"SearchAction","target":{"@type":"EntryPoint","urlTemplate":"https:\/\/www.meylanfleurs.com\/?s={search_term_string}"},"query-input":{"@type":"PropertyValueSpecification","valueRequired":true,"valueName":"search_term_string"}}],"inLanguage":"de-DE"}]}},"_links":{"self":[{"href":"https:\/\/www.meylanfleurs.com\/de\/wp-json\/wp\/v2\/pages\/1031","targetHints":{"allow":["GET"]}}],"collection":[{"href":"https:\/\/www.meylanfleurs.com\/de\/wp-json\/wp\/v2\/pages"}],"about":[{"href":"https:\/\/www.meylanfleurs.com\/de\/wp-json\/wp\/v2\/types\/page"}],"author":[{"embeddable":true,"href":"https:\/\/www.meylanfleurs.com\/de\/wp-json\/wp\/v2\/users\/3"}],"replies":[{"embeddable":true,"href":"https:\/\/www.meylanfleurs.com\/de\/wp-json\/wp\/v2\/comments?post=1031"}],"version-history":[{"count":3,"href":"https:\/\/www.meylanfleurs.com\/de\/wp-json\/wp\/v2\/pages\/1031\/revisions"}],"predecessor-version":[{"id":2218,"href":"https:\/\/www.meylanfleurs.com\/de\/wp-json\/wp\/v2\/pages\/1031\/revisions\/2218"}],"up":[{"embeddable":true,"href":"https:\/\/www.meylanfleurs.com\/de\/wp-json\/wp\/v2\/pages\/1015"}],"wp:featuredmedia":[{"embeddable":true,"href":"https:\/\/www.meylanfleurs.com\/de\/wp-json\/wp\/v2\/media\/1427"}],"wp:attachment":[{"href":"https:\/\/www.meylanfleurs.com\/de\/wp-json\/wp\/v2\/media?parent=1031"}],"curies":[{"name":"wp","href":"https:\/\/api.w.org\/{rel}","templated":true}]}}