{"id":1034,"date":"2017-04-11T09:58:47","date_gmt":"2017-04-11T07:58:47","guid":{"rendered":"http:\/\/www.meylanfleurs.com\/?page_id=1034\/"},"modified":"2020-12-16T10:44:44","modified_gmt":"2020-12-16T09:44:44","slug":"raumdekoration","status":"publish","type":"page","link":"https:\/\/www.meylanfleurs.com\/de\/unsere-kreationen\/raumdekoration\/","title":{"rendered":"Raumdekoration"},"content":{"rendered":"\n<p>Wir haben das Gl\u00fcck, viele sch\u00f6ne Orte in Lausanne und Umgebung mit Blumen dekorieren zu d\u00fcrfen.<\/p>\n\n\n\n<p>Wir setzen unsere ganze Leidenschaft und unsere Kompetenz ein, um auf besonderen Pl\u00e4tzen, in historischen Schiffen oder in gehobenen Boutiquen eine besondere und angemessene Atmosph\u00e4re zu schaffen.<\/p>\n\n\n\n<p>Um diese aussergew\u00f6hnlichen Orte herauszuheben, suchen wir sorgf\u00e4ltig die verschiedenen Pflanzen aus und kombinieren mit Bedacht die Farben, Formen und Beh\u00e4lter.<\/p>\n","protected":false},"excerpt":{"rendered":"<p>Wir haben das Gl\u00fcck, viele sch\u00f6ne Orte in Lausanne und Umgebung mit Blumen dekorieren zu d\u00fcrfen. Wir setzen unsere ganze Leidenschaft und unsere Kompetenz ein, um auf besonderen Pl\u00e4tzen, in historischen Schiffen oder in gehobenen Boutiquen eine besondere und angemessene Atmosph\u00e4re zu schaffen. Um diese aussergew\u00f6hnlichen Orte herauszuheben, suchen wir sorgf\u00e4ltig die verschiedenen Pflanzen aus [&hellip;]<\/p>\n","protected":false},"author":3,"featured_media":3754,"parent":1015,"menu_order":6,"comment_status":"closed","ping_status":"closed","template":"","meta":{"_acf_changed":false,"footnotes":""},"class_list":["post-1034","page","type-page","status-publish","has-post-thumbnail","hentry"],"acf":[],"yoast_head":"<!-- This site is optimized with the Yoast SEO plugin v27.3 - https:\/\/yoast.com\/product\/yoast-seo-wordpress\/ -->\n<title>Raumdekoration - Meylan Fleurs, Lausanne<\/title>\n<meta name=\"robots\" content=\"index, follow, max-snippet:-1, max-image-preview:large, max-video-preview:-1\" \/>\n<link rel=\"canonical\" href=\"https:\/\/www.meylanfleurs.com\/de\/unsere-kreationen\/raumdekoration\/\" \/>\n<meta property=\"og:locale\" content=\"de_DE\" \/>\n<meta property=\"og:type\" content=\"article\" \/>\n<meta property=\"og:title\" content=\"Raumdekoration - Meylan Fleurs, Lausanne\" \/>\n<meta property=\"og:description\" content=\"Wir haben das Gl\u00fcck, viele sch\u00f6ne Orte in Lausanne und Umgebung mit Blumen dekorieren zu d\u00fcrfen. Wir setzen unsere ganze Leidenschaft und unsere Kompetenz ein, um auf besonderen Pl\u00e4tzen, in historischen Schiffen oder in gehobenen Boutiquen eine besondere und angemessene Atmosph\u00e4re zu schaffen. Um diese aussergew\u00f6hnlichen Orte herauszuheben, suchen wir sorgf\u00e4ltig die verschiedenen Pflanzen aus [&hellip;]\" \/>\n<meta property=\"og:url\" content=\"https:\/\/www.meylanfleurs.com\/de\/unsere-kreationen\/raumdekoration\/\" \/>\n<meta property=\"og:site_name\" content=\"Meylan Fleurs, Lausanne\" \/>\n<meta property=\"article:modified_time\" content=\"2020-12-16T09:44:44+00:00\" \/>\n<meta property=\"og:image\" content=\"https:\/\/www.meylanfleurs.com\/wp-content\/uploads\/2016\/10\/bandeau_deco_espaces-ret2-1-scaled.jpg\" \/>\n\t<meta property=\"og:image:width\" content=\"2560\" \/>\n\t<meta property=\"og:image:height\" content=\"741\" \/>\n\t<meta property=\"og:image:type\" content=\"image\/jpeg\" \/>\n<meta name=\"twitter:card\" content=\"summary_large_image\" \/>\n<script type=\"application\/ld+json\" class=\"yoast-schema-graph\">{\"@context\":\"https:\\\/\\\/schema.org\",\"@graph\":[{\"@type\":\"WebPage\",\"@id\":\"https:\\\/\\\/www.meylanfleurs.com\\\/de\\\/unsere-kreationen\\\/raumdekoration\\\/\",\"url\":\"https:\\\/\\\/www.meylanfleurs.com\\\/de\\\/unsere-kreationen\\\/raumdekoration\\\/\",\"name\":\"Raumdekoration - Meylan Fleurs, Lausanne\",\"isPartOf\":{\"@id\":\"https:\\\/\\\/www.meylanfleurs.com\\\/#website\"},\"primaryImageOfPage\":{\"@id\":\"https:\\\/\\\/www.meylanfleurs.com\\\/de\\\/unsere-kreationen\\\/raumdekoration\\\/#primaryimage\"},\"image\":{\"@id\":\"https:\\\/\\\/www.meylanfleurs.com\\\/de\\\/unsere-kreationen\\\/raumdekoration\\\/#primaryimage\"},\"thumbnailUrl\":\"https:\\\/\\\/www.meylanfleurs.com\\\/wp-content\\\/uploads\\\/2023\\\/04\\\/IMG_7294-scaled.jpg\",\"datePublished\":\"2017-04-11T07:58:47+00:00\",\"dateModified\":\"2020-12-16T09:44:44+00:00\",\"breadcrumb\":{\"@id\":\"https:\\\/\\\/www.meylanfleurs.com\\\/de\\\/unsere-kreationen\\\/raumdekoration\\\/#breadcrumb\"},\"inLanguage\":\"de-DE\",\"potentialAction\":[{\"@type\":\"ReadAction\",\"target\":[\"https:\\\/\\\/www.meylanfleurs.com\\\/de\\\/unsere-kreationen\\\/raumdekoration\\\/\"]}]},{\"@type\":\"ImageObject\",\"inLanguage\":\"de-DE\",\"@id\":\"https:\\\/\\\/www.meylanfleurs.com\\\/de\\\/unsere-kreationen\\\/raumdekoration\\\/#primaryimage\",\"url\":\"https:\\\/\\\/www.meylanfleurs.com\\\/wp-content\\\/uploads\\\/2023\\\/04\\\/IMG_7294-scaled.jpg\",\"contentUrl\":\"https:\\\/\\\/www.meylanfleurs.com\\\/wp-content\\\/uploads\\\/2023\\\/04\\\/IMG_7294-scaled.jpg\",\"width\":2560,\"height\":1447},{\"@type\":\"BreadcrumbList\",\"@id\":\"https:\\\/\\\/www.meylanfleurs.com\\\/de\\\/unsere-kreationen\\\/raumdekoration\\\/#breadcrumb\",\"itemListElement\":[{\"@type\":\"ListItem\",\"position\":1,\"name\":\"Accueil\",\"item\":\"https:\\\/\\\/www.meylanfleurs.com\\\/de\\\/\"},{\"@type\":\"ListItem\",\"position\":2,\"name\":\"Unsere Kreationen\",\"item\":\"https:\\\/\\\/www.meylanfleurs.com\\\/de\\\/unsere-kreationen\\\/\"},{\"@type\":\"ListItem\",\"position\":3,\"name\":\"Raumdekoration\"}]},{\"@type\":\"WebSite\",\"@id\":\"https:\\\/\\\/www.meylanfleurs.com\\\/#website\",\"url\":\"https:\\\/\\\/www.meylanfleurs.com\\\/\",\"name\":\"Meylan Fleurs, Lausanne\",\"description\":\"Magasin de fleurs et atelier\",\"potentialAction\":[{\"@type\":\"SearchAction\",\"target\":{\"@type\":\"EntryPoint\",\"urlTemplate\":\"https:\\\/\\\/www.meylanfleurs.com\\\/?s={search_term_string}\"},\"query-input\":{\"@type\":\"PropertyValueSpecification\",\"valueRequired\":true,\"valueName\":\"search_term_string\"}}],\"inLanguage\":\"de-DE\"}]}<\/script>\n<!-- \/ Yoast SEO plugin. -->","yoast_head_json":{"title":"Raumdekoration - Meylan Fleurs, Lausanne","robots":{"index":"index","follow":"follow","max-snippet":"max-snippet:-1","max-image-preview":"max-image-preview:large","max-video-preview":"max-video-preview:-1"},"canonical":"https:\/\/www.meylanfleurs.com\/de\/unsere-kreationen\/raumdekoration\/","og_locale":"de_DE","og_type":"article","og_title":"Raumdekoration - Meylan Fleurs, Lausanne","og_description":"Wir haben das Gl\u00fcck, viele sch\u00f6ne Orte in Lausanne und Umgebung mit Blumen dekorieren zu d\u00fcrfen. Wir setzen unsere ganze Leidenschaft und unsere Kompetenz ein, um auf besonderen Pl\u00e4tzen, in historischen Schiffen oder in gehobenen Boutiquen eine besondere und angemessene Atmosph\u00e4re zu schaffen. Um diese aussergew\u00f6hnlichen Orte herauszuheben, suchen wir sorgf\u00e4ltig die verschiedenen Pflanzen aus [&hellip;]","og_url":"https:\/\/www.meylanfleurs.com\/de\/unsere-kreationen\/raumdekoration\/","og_site_name":"Meylan Fleurs, Lausanne","article_modified_time":"2020-12-16T09:44:44+00:00","og_image":[{"width":2560,"height":741,"url":"https:\/\/www.meylanfleurs.com\/wp-content\/uploads\/2016\/10\/bandeau_deco_espaces-ret2-1-scaled.jpg","type":"image\/jpeg"}],"twitter_card":"summary_large_image","schema":{"@context":"https:\/\/schema.org","@graph":[{"@type":"WebPage","@id":"https:\/\/www.meylanfleurs.com\/de\/unsere-kreationen\/raumdekoration\/","url":"https:\/\/www.meylanfleurs.com\/de\/unsere-kreationen\/raumdekoration\/","name":"Raumdekoration - Meylan Fleurs, Lausanne","isPartOf":{"@id":"https:\/\/www.meylanfleurs.com\/#website"},"primaryImageOfPage":{"@id":"https:\/\/www.meylanfleurs.com\/de\/unsere-kreationen\/raumdekoration\/#primaryimage"},"image":{"@id":"https:\/\/www.meylanfleurs.com\/de\/unsere-kreationen\/raumdekoration\/#primaryimage"},"thumbnailUrl":"https:\/\/www.meylanfleurs.com\/wp-content\/uploads\/2023\/04\/IMG_7294-scaled.jpg","datePublished":"2017-04-11T07:58:47+00:00","dateModified":"2020-12-16T09:44:44+00:00","breadcrumb":{"@id":"https:\/\/www.meylanfleurs.com\/de\/unsere-kreationen\/raumdekoration\/#breadcrumb"},"inLanguage":"de-DE","potentialAction":[{"@type":"ReadAction","target":["https:\/\/www.meylanfleurs.com\/de\/unsere-kreationen\/raumdekoration\/"]}]},{"@type":"ImageObject","inLanguage":"de-DE","@id":"https:\/\/www.meylanfleurs.com\/de\/unsere-kreationen\/raumdekoration\/#primaryimage","url":"https:\/\/www.meylanfleurs.com\/wp-content\/uploads\/2023\/04\/IMG_7294-scaled.jpg","contentUrl":"https:\/\/www.meylanfleurs.com\/wp-content\/uploads\/2023\/04\/IMG_7294-scaled.jpg","width":2560,"height":1447},{"@type":"BreadcrumbList","@id":"https:\/\/www.meylanfleurs.com\/de\/unsere-kreationen\/raumdekoration\/#breadcrumb","itemListElement":[{"@type":"ListItem","position":1,"name":"Accueil","item":"https:\/\/www.meylanfleurs.com\/de\/"},{"@type":"ListItem","position":2,"name":"Unsere Kreationen","item":"https:\/\/www.meylanfleurs.com\/de\/unsere-kreationen\/"},{"@type":"ListItem","position":3,"name":"Raumdekoration"}]},{"@type":"WebSite","@id":"https:\/\/www.meylanfleurs.com\/#website","url":"https:\/\/www.meylanfleurs.com\/","name":"Meylan Fleurs, Lausanne","description":"Magasin de fleurs et atelier","potentialAction":[{"@type":"SearchAction","target":{"@type":"EntryPoint","urlTemplate":"https:\/\/www.meylanfleurs.com\/?s={search_term_string}"},"query-input":{"@type":"PropertyValueSpecification","valueRequired":true,"valueName":"search_term_string"}}],"inLanguage":"de-DE"}]}},"_links":{"self":[{"href":"https:\/\/www.meylanfleurs.com\/de\/wp-json\/wp\/v2\/pages\/1034","targetHints":{"allow":["GET"]}}],"collection":[{"href":"https:\/\/www.meylanfleurs.com\/de\/wp-json\/wp\/v2\/pages"}],"about":[{"href":"https:\/\/www.meylanfleurs.com\/de\/wp-json\/wp\/v2\/types\/page"}],"author":[{"embeddable":true,"href":"https:\/\/www.meylanfleurs.com\/de\/wp-json\/wp\/v2\/users\/3"}],"replies":[{"embeddable":true,"href":"https:\/\/www.meylanfleurs.com\/de\/wp-json\/wp\/v2\/comments?post=1034"}],"version-history":[{"count":3,"href":"https:\/\/www.meylanfleurs.com\/de\/wp-json\/wp\/v2\/pages\/1034\/revisions"}],"predecessor-version":[{"id":2223,"href":"https:\/\/www.meylanfleurs.com\/de\/wp-json\/wp\/v2\/pages\/1034\/revisions\/2223"}],"up":[{"embeddable":true,"href":"https:\/\/www.meylanfleurs.com\/de\/wp-json\/wp\/v2\/pages\/1015"}],"wp:featuredmedia":[{"embeddable":true,"href":"https:\/\/www.meylanfleurs.com\/de\/wp-json\/wp\/v2\/media\/3754"}],"wp:attachment":[{"href":"https:\/\/www.meylanfleurs.com\/de\/wp-json\/wp\/v2\/media?parent=1034"}],"curies":[{"name":"wp","href":"https:\/\/api.w.org\/{rel}","templated":true}]}}