{"id":2353,"date":"2020-12-21T15:33:14","date_gmt":"2020-12-21T14:33:14","guid":{"rendered":"https:\/\/hawai.li\/meylanfleurs\/?post_type=product&#038;p=2353"},"modified":"2021-01-22T16:35:55","modified_gmt":"2021-01-22T15:35:55","slug":"bianco","status":"publish","type":"product","link":"https:\/\/www.meylanfleurs.com\/de\/produit\/bianco\/","title":{"rendered":"Bianco"},"content":{"rendered":"<p>Ce bouquet rond, compos\u00e9 de fleurs blanches subtiles et d\u00e9licates, symbole de puret\u00e9 et d&#8217;\u00e9l\u00e9gance, s&#8217;offre en toutes circonstances.<\/p>\n","protected":false},"excerpt":{"rendered":"<p>Ce bouquet rond, compos\u00e9 de fleurs blanches subtiles et d\u00e9licates, symbole de puret\u00e9 et d&#8217;\u00e9l\u00e9gance, s&#8217;offre en toutes circonstances.<\/p>\n","protected":false},"featured_media":2624,"template":"","meta":{"_acf_changed":false},"product_brand":[],"product_cat":[74],"product_tag":[],"class_list":{"0":"post-2353","1":"product","2":"type-product","3":"status-publish","4":"has-post-thumbnail","6":"product_cat-elegante","8":"first","9":"instock","10":"taxable","11":"shipping-taxable","12":"purchasable","13":"product-type-variable","14":"has-default-attributes"},"acf":[],"yoast_head":"<!-- This site is optimized with the Yoast SEO plugin v27.3 - https:\/\/yoast.com\/product\/yoast-seo-wordpress\/ -->\n<title>Bianco - Meylan Fleurs, Lausanne<\/title>\n<meta name=\"robots\" content=\"index, follow, max-snippet:-1, max-image-preview:large, max-video-preview:-1\" \/>\n<link rel=\"canonical\" href=\"https:\/\/www.meylanfleurs.com\/produit\/bianco\/\" \/>\n<meta property=\"og:locale\" content=\"de_DE\" \/>\n<meta property=\"og:type\" content=\"article\" \/>\n<meta property=\"og:title\" content=\"Bianco - Meylan Fleurs, Lausanne\" \/>\n<meta property=\"og:description\" content=\"Ce bouquet rond, compos\u00e9 de fleurs blanches subtiles et d\u00e9licates, symbole de puret\u00e9 et d&#8217;\u00e9l\u00e9gance, s&#8217;offre en toutes circonstances.\" \/>\n<meta property=\"og:url\" content=\"https:\/\/www.meylanfleurs.com\/produit\/bianco\/\" \/>\n<meta property=\"og:site_name\" content=\"Meylan Fleurs, Lausanne\" \/>\n<meta property=\"article:modified_time\" content=\"2021-01-22T15:35:55+00:00\" \/>\n<meta property=\"og:image\" content=\"https:\/\/www.meylanfleurs.com\/wp-content\/uploads\/2020\/12\/IMG_E7109-scaled.jpg\" \/>\n\t<meta property=\"og:image:width\" content=\"2000\" \/>\n\t<meta property=\"og:image:height\" content=\"2560\" \/>\n\t<meta property=\"og:image:type\" content=\"image\/jpeg\" \/>\n<meta name=\"twitter:card\" content=\"summary_large_image\" \/>\n<script type=\"application\/ld+json\" class=\"yoast-schema-graph\">{\"@context\":\"https:\\\/\\\/schema.org\",\"@graph\":[{\"@type\":\"WebPage\",\"@id\":\"https:\\\/\\\/www.meylanfleurs.com\\\/produit\\\/bianco\\\/\",\"url\":\"https:\\\/\\\/www.meylanfleurs.com\\\/produit\\\/bianco\\\/\",\"name\":\"Bianco - Meylan Fleurs, Lausanne\",\"isPartOf\":{\"@id\":\"https:\\\/\\\/www.meylanfleurs.com\\\/#website\"},\"primaryImageOfPage\":{\"@id\":\"https:\\\/\\\/www.meylanfleurs.com\\\/produit\\\/bianco\\\/#primaryimage\"},\"image\":{\"@id\":\"https:\\\/\\\/www.meylanfleurs.com\\\/produit\\\/bianco\\\/#primaryimage\"},\"thumbnailUrl\":\"https:\\\/\\\/www.meylanfleurs.com\\\/wp-content\\\/uploads\\\/2020\\\/12\\\/IMG_E7109-scaled.jpg\",\"datePublished\":\"2020-12-21T14:33:14+00:00\",\"dateModified\":\"2021-01-22T15:35:55+00:00\",\"breadcrumb\":{\"@id\":\"https:\\\/\\\/www.meylanfleurs.com\\\/produit\\\/bianco\\\/#breadcrumb\"},\"inLanguage\":\"de-DE\",\"potentialAction\":[{\"@type\":\"ReadAction\",\"target\":[\"https:\\\/\\\/www.meylanfleurs.com\\\/produit\\\/bianco\\\/\"]}]},{\"@type\":\"ImageObject\",\"inLanguage\":\"de-DE\",\"@id\":\"https:\\\/\\\/www.meylanfleurs.com\\\/produit\\\/bianco\\\/#primaryimage\",\"url\":\"https:\\\/\\\/www.meylanfleurs.com\\\/wp-content\\\/uploads\\\/2020\\\/12\\\/IMG_E7109-scaled.jpg\",\"contentUrl\":\"https:\\\/\\\/www.meylanfleurs.com\\\/wp-content\\\/uploads\\\/2020\\\/12\\\/IMG_E7109-scaled.jpg\",\"width\":2000,\"height\":2560},{\"@type\":\"BreadcrumbList\",\"@id\":\"https:\\\/\\\/www.meylanfleurs.com\\\/produit\\\/bianco\\\/#breadcrumb\",\"itemListElement\":[{\"@type\":\"ListItem\",\"position\":1,\"name\":\"Accueil\",\"item\":\"https:\\\/\\\/www.meylanfleurs.com\\\/de\\\/\"},{\"@type\":\"ListItem\",\"position\":2,\"name\":\"Shop\",\"item\":\"https:\\\/\\\/www.meylanfleurs.com\\\/de\\\/shop\\\/\"},{\"@type\":\"ListItem\",\"position\":3,\"name\":\"Bianco\"}]},{\"@type\":\"WebSite\",\"@id\":\"https:\\\/\\\/www.meylanfleurs.com\\\/#website\",\"url\":\"https:\\\/\\\/www.meylanfleurs.com\\\/\",\"name\":\"Meylan Fleurs, Lausanne\",\"description\":\"Magasin de fleurs et atelier\",\"potentialAction\":[{\"@type\":\"SearchAction\",\"target\":{\"@type\":\"EntryPoint\",\"urlTemplate\":\"https:\\\/\\\/www.meylanfleurs.com\\\/?s={search_term_string}\"},\"query-input\":{\"@type\":\"PropertyValueSpecification\",\"valueRequired\":true,\"valueName\":\"search_term_string\"}}],\"inLanguage\":\"de-DE\"}]}<\/script>\n<!-- \/ Yoast SEO plugin. -->","yoast_head_json":{"title":"Bianco - Meylan Fleurs, Lausanne","robots":{"index":"index","follow":"follow","max-snippet":"max-snippet:-1","max-image-preview":"max-image-preview:large","max-video-preview":"max-video-preview:-1"},"canonical":"https:\/\/www.meylanfleurs.com\/produit\/bianco\/","og_locale":"de_DE","og_type":"article","og_title":"Bianco - Meylan Fleurs, Lausanne","og_description":"Ce bouquet rond, compos\u00e9 de fleurs blanches subtiles et d\u00e9licates, symbole de puret\u00e9 et d&#8217;\u00e9l\u00e9gance, s&#8217;offre en toutes circonstances.","og_url":"https:\/\/www.meylanfleurs.com\/produit\/bianco\/","og_site_name":"Meylan Fleurs, Lausanne","article_modified_time":"2021-01-22T15:35:55+00:00","og_image":[{"width":2000,"height":2560,"url":"https:\/\/www.meylanfleurs.com\/wp-content\/uploads\/2020\/12\/IMG_E7109-scaled.jpg","type":"image\/jpeg"}],"twitter_card":"summary_large_image","schema":{"@context":"https:\/\/schema.org","@graph":[{"@type":"WebPage","@id":"https:\/\/www.meylanfleurs.com\/produit\/bianco\/","url":"https:\/\/www.meylanfleurs.com\/produit\/bianco\/","name":"Bianco - Meylan Fleurs, Lausanne","isPartOf":{"@id":"https:\/\/www.meylanfleurs.com\/#website"},"primaryImageOfPage":{"@id":"https:\/\/www.meylanfleurs.com\/produit\/bianco\/#primaryimage"},"image":{"@id":"https:\/\/www.meylanfleurs.com\/produit\/bianco\/#primaryimage"},"thumbnailUrl":"https:\/\/www.meylanfleurs.com\/wp-content\/uploads\/2020\/12\/IMG_E7109-scaled.jpg","datePublished":"2020-12-21T14:33:14+00:00","dateModified":"2021-01-22T15:35:55+00:00","breadcrumb":{"@id":"https:\/\/www.meylanfleurs.com\/produit\/bianco\/#breadcrumb"},"inLanguage":"de-DE","potentialAction":[{"@type":"ReadAction","target":["https:\/\/www.meylanfleurs.com\/produit\/bianco\/"]}]},{"@type":"ImageObject","inLanguage":"de-DE","@id":"https:\/\/www.meylanfleurs.com\/produit\/bianco\/#primaryimage","url":"https:\/\/www.meylanfleurs.com\/wp-content\/uploads\/2020\/12\/IMG_E7109-scaled.jpg","contentUrl":"https:\/\/www.meylanfleurs.com\/wp-content\/uploads\/2020\/12\/IMG_E7109-scaled.jpg","width":2000,"height":2560},{"@type":"BreadcrumbList","@id":"https:\/\/www.meylanfleurs.com\/produit\/bianco\/#breadcrumb","itemListElement":[{"@type":"ListItem","position":1,"name":"Accueil","item":"https:\/\/www.meylanfleurs.com\/de\/"},{"@type":"ListItem","position":2,"name":"Shop","item":"https:\/\/www.meylanfleurs.com\/de\/shop\/"},{"@type":"ListItem","position":3,"name":"Bianco"}]},{"@type":"WebSite","@id":"https:\/\/www.meylanfleurs.com\/#website","url":"https:\/\/www.meylanfleurs.com\/","name":"Meylan Fleurs, Lausanne","description":"Magasin de fleurs et atelier","potentialAction":[{"@type":"SearchAction","target":{"@type":"EntryPoint","urlTemplate":"https:\/\/www.meylanfleurs.com\/?s={search_term_string}"},"query-input":{"@type":"PropertyValueSpecification","valueRequired":true,"valueName":"search_term_string"}}],"inLanguage":"de-DE"}]}},"_links":{"self":[{"href":"https:\/\/www.meylanfleurs.com\/de\/wp-json\/wp\/v2\/product\/2353","targetHints":{"allow":["GET"]}}],"collection":[{"href":"https:\/\/www.meylanfleurs.com\/de\/wp-json\/wp\/v2\/product"}],"about":[{"href":"https:\/\/www.meylanfleurs.com\/de\/wp-json\/wp\/v2\/types\/product"}],"wp:featuredmedia":[{"embeddable":true,"href":"https:\/\/www.meylanfleurs.com\/de\/wp-json\/wp\/v2\/media\/2624"}],"wp:attachment":[{"href":"https:\/\/www.meylanfleurs.com\/de\/wp-json\/wp\/v2\/media?parent=2353"}],"wp:term":[{"taxonomy":"product_brand","embeddable":true,"href":"https:\/\/www.meylanfleurs.com\/de\/wp-json\/wp\/v2\/product_brand?post=2353"},{"taxonomy":"product_cat","embeddable":true,"href":"https:\/\/www.meylanfleurs.com\/de\/wp-json\/wp\/v2\/product_cat?post=2353"},{"taxonomy":"product_tag","embeddable":true,"href":"https:\/\/www.meylanfleurs.com\/de\/wp-json\/wp\/v2\/product_tag?post=2353"}],"curies":[{"name":"wp","href":"https:\/\/api.w.org\/{rel}","templated":true}]}}