{"id":922,"date":"2017-04-11T10:20:38","date_gmt":"2017-04-11T08:20:38","guid":{"rendered":"http:\/\/www.meylanfleurs.com\/?page_id=922\/"},"modified":"2020-12-16T10:32:50","modified_gmt":"2020-12-16T09:32:50","slug":"la-nostra-equipe","status":"publish","type":"page","link":"https:\/\/www.meylanfleurs.com\/it\/meylan-fleurs\/la-nostra-equipe\/","title":{"rendered":"La nostra equipe"},"content":{"rendered":"\n<p>La Ditta Meylan Fleurs pu\u00f2 contare sul talento e la professionalit\u00e0 dei suoi 14 collaboratori e collaboratrici.<\/p>\n\n\n\n<p>Il nostro gruppo multiculturale riunisce una diversit\u00e0 di mestieri e di competenze, che vanno dall\u2019artigianato alla vendita. Per realizzare correttamente le nostre creazioni floreali sono importanti sia la competenza di falegnameria. decorazioni d\u2019interni, cucitura, pittura e creativit\u00e0 floreale, il tutto sotto la responsabilit\u00e0 di Marinette D\u00e9glise, titolare di un brevetto federale di fiorista.<\/p>\n","protected":false},"excerpt":{"rendered":"<p>La Ditta Meylan Fleurs pu\u00f2 contare sul talento e la professionalit\u00e0 dei suoi 14 collaboratori e collaboratrici. Il nostro gruppo multiculturale riunisce una diversit\u00e0 di mestieri e di competenze, che vanno dall\u2019artigianato alla vendita. Per realizzare correttamente le nostre creazioni floreali sono importanti sia la competenza di falegnameria. decorazioni d\u2019interni, cucitura, pittura e creativit\u00e0 floreale, [&hellip;]<\/p>\n","protected":false},"author":3,"featured_media":3712,"parent":913,"menu_order":3,"comment_status":"closed","ping_status":"closed","template":"","meta":{"_acf_changed":false,"footnotes":""},"class_list":["post-922","page","type-page","status-publish","has-post-thumbnail","hentry"],"acf":[],"yoast_head":"<!-- This site is optimized with the Yoast SEO plugin v27.3 - https:\/\/yoast.com\/product\/yoast-seo-wordpress\/ -->\n<title>La nostra equipe - Meylan Fleurs, Lausanne<\/title>\n<meta name=\"robots\" content=\"index, follow, max-snippet:-1, max-image-preview:large, max-video-preview:-1\" \/>\n<link rel=\"canonical\" href=\"https:\/\/www.meylanfleurs.com\/it\/meylan-fleurs\/la-nostra-equipe\/\" \/>\n<meta property=\"og:locale\" content=\"it_IT\" \/>\n<meta property=\"og:type\" content=\"article\" \/>\n<meta property=\"og:title\" content=\"La nostra equipe - Meylan Fleurs, Lausanne\" \/>\n<meta property=\"og:description\" content=\"La Ditta Meylan Fleurs pu\u00f2 contare sul talento e la professionalit\u00e0 dei suoi 14 collaboratori e collaboratrici. Il nostro gruppo multiculturale riunisce una diversit\u00e0 di mestieri e di competenze, che vanno dall\u2019artigianato alla vendita. Per realizzare correttamente le nostre creazioni floreali sono importanti sia la competenza di falegnameria. decorazioni d\u2019interni, cucitura, pittura e creativit\u00e0 floreale, [&hellip;]\" \/>\n<meta property=\"og:url\" content=\"https:\/\/www.meylanfleurs.com\/it\/meylan-fleurs\/la-nostra-equipe\/\" \/>\n<meta property=\"og:site_name\" content=\"Meylan Fleurs, Lausanne\" \/>\n<meta property=\"article:modified_time\" content=\"2020-12-16T09:32:50+00:00\" \/>\n<meta property=\"og:image\" content=\"https:\/\/www.meylanfleurs.com\/wp-content\/uploads\/2016\/10\/bandeau_equipe-ret-1-scaled.jpg\" \/>\n\t<meta property=\"og:image:width\" content=\"2560\" \/>\n\t<meta property=\"og:image:height\" content=\"742\" \/>\n\t<meta property=\"og:image:type\" content=\"image\/jpeg\" \/>\n<meta name=\"twitter:card\" content=\"summary_large_image\" \/>\n<script type=\"application\/ld+json\" class=\"yoast-schema-graph\">{\"@context\":\"https:\\\/\\\/schema.org\",\"@graph\":[{\"@type\":\"WebPage\",\"@id\":\"https:\\\/\\\/www.meylanfleurs.com\\\/it\\\/meylan-fleurs\\\/la-nostra-equipe\\\/\",\"url\":\"https:\\\/\\\/www.meylanfleurs.com\\\/it\\\/meylan-fleurs\\\/la-nostra-equipe\\\/\",\"name\":\"La nostra equipe - Meylan Fleurs, Lausanne\",\"isPartOf\":{\"@id\":\"https:\\\/\\\/www.meylanfleurs.com\\\/#website\"},\"primaryImageOfPage\":{\"@id\":\"https:\\\/\\\/www.meylanfleurs.com\\\/it\\\/meylan-fleurs\\\/la-nostra-equipe\\\/#primaryimage\"},\"image\":{\"@id\":\"https:\\\/\\\/www.meylanfleurs.com\\\/it\\\/meylan-fleurs\\\/la-nostra-equipe\\\/#primaryimage\"},\"thumbnailUrl\":\"https:\\\/\\\/www.meylanfleurs.com\\\/wp-content\\\/uploads\\\/2023\\\/04\\\/flower-1786499-scaled.jpg\",\"datePublished\":\"2017-04-11T08:20:38+00:00\",\"dateModified\":\"2020-12-16T09:32:50+00:00\",\"breadcrumb\":{\"@id\":\"https:\\\/\\\/www.meylanfleurs.com\\\/it\\\/meylan-fleurs\\\/la-nostra-equipe\\\/#breadcrumb\"},\"inLanguage\":\"it-IT\",\"potentialAction\":[{\"@type\":\"ReadAction\",\"target\":[\"https:\\\/\\\/www.meylanfleurs.com\\\/it\\\/meylan-fleurs\\\/la-nostra-equipe\\\/\"]}]},{\"@type\":\"ImageObject\",\"inLanguage\":\"it-IT\",\"@id\":\"https:\\\/\\\/www.meylanfleurs.com\\\/it\\\/meylan-fleurs\\\/la-nostra-equipe\\\/#primaryimage\",\"url\":\"https:\\\/\\\/www.meylanfleurs.com\\\/wp-content\\\/uploads\\\/2023\\\/04\\\/flower-1786499-scaled.jpg\",\"contentUrl\":\"https:\\\/\\\/www.meylanfleurs.com\\\/wp-content\\\/uploads\\\/2023\\\/04\\\/flower-1786499-scaled.jpg\",\"width\":2560,\"height\":1706},{\"@type\":\"BreadcrumbList\",\"@id\":\"https:\\\/\\\/www.meylanfleurs.com\\\/it\\\/meylan-fleurs\\\/la-nostra-equipe\\\/#breadcrumb\",\"itemListElement\":[{\"@type\":\"ListItem\",\"position\":1,\"name\":\"Accueil\",\"item\":\"https:\\\/\\\/www.meylanfleurs.com\\\/it\\\/\"},{\"@type\":\"ListItem\",\"position\":2,\"name\":\"Meylan Fleurs\",\"item\":\"https:\\\/\\\/www.meylanfleurs.com\\\/it\\\/meylan-fleurs\\\/\"},{\"@type\":\"ListItem\",\"position\":3,\"name\":\"La nostra equipe\"}]},{\"@type\":\"WebSite\",\"@id\":\"https:\\\/\\\/www.meylanfleurs.com\\\/#website\",\"url\":\"https:\\\/\\\/www.meylanfleurs.com\\\/\",\"name\":\"Meylan Fleurs, Lausanne\",\"description\":\"Magasin de fleurs et atelier\",\"potentialAction\":[{\"@type\":\"SearchAction\",\"target\":{\"@type\":\"EntryPoint\",\"urlTemplate\":\"https:\\\/\\\/www.meylanfleurs.com\\\/?s={search_term_string}\"},\"query-input\":{\"@type\":\"PropertyValueSpecification\",\"valueRequired\":true,\"valueName\":\"search_term_string\"}}],\"inLanguage\":\"it-IT\"}]}<\/script>\n<!-- \/ Yoast SEO plugin. -->","yoast_head_json":{"title":"La nostra equipe - Meylan Fleurs, Lausanne","robots":{"index":"index","follow":"follow","max-snippet":"max-snippet:-1","max-image-preview":"max-image-preview:large","max-video-preview":"max-video-preview:-1"},"canonical":"https:\/\/www.meylanfleurs.com\/it\/meylan-fleurs\/la-nostra-equipe\/","og_locale":"it_IT","og_type":"article","og_title":"La nostra equipe - Meylan Fleurs, Lausanne","og_description":"La Ditta Meylan Fleurs pu\u00f2 contare sul talento e la professionalit\u00e0 dei suoi 14 collaboratori e collaboratrici. Il nostro gruppo multiculturale riunisce una diversit\u00e0 di mestieri e di competenze, che vanno dall\u2019artigianato alla vendita. Per realizzare correttamente le nostre creazioni floreali sono importanti sia la competenza di falegnameria. decorazioni d\u2019interni, cucitura, pittura e creativit\u00e0 floreale, [&hellip;]","og_url":"https:\/\/www.meylanfleurs.com\/it\/meylan-fleurs\/la-nostra-equipe\/","og_site_name":"Meylan Fleurs, Lausanne","article_modified_time":"2020-12-16T09:32:50+00:00","og_image":[{"width":2560,"height":742,"url":"https:\/\/www.meylanfleurs.com\/wp-content\/uploads\/2016\/10\/bandeau_equipe-ret-1-scaled.jpg","type":"image\/jpeg"}],"twitter_card":"summary_large_image","schema":{"@context":"https:\/\/schema.org","@graph":[{"@type":"WebPage","@id":"https:\/\/www.meylanfleurs.com\/it\/meylan-fleurs\/la-nostra-equipe\/","url":"https:\/\/www.meylanfleurs.com\/it\/meylan-fleurs\/la-nostra-equipe\/","name":"La nostra equipe - Meylan Fleurs, Lausanne","isPartOf":{"@id":"https:\/\/www.meylanfleurs.com\/#website"},"primaryImageOfPage":{"@id":"https:\/\/www.meylanfleurs.com\/it\/meylan-fleurs\/la-nostra-equipe\/#primaryimage"},"image":{"@id":"https:\/\/www.meylanfleurs.com\/it\/meylan-fleurs\/la-nostra-equipe\/#primaryimage"},"thumbnailUrl":"https:\/\/www.meylanfleurs.com\/wp-content\/uploads\/2023\/04\/flower-1786499-scaled.jpg","datePublished":"2017-04-11T08:20:38+00:00","dateModified":"2020-12-16T09:32:50+00:00","breadcrumb":{"@id":"https:\/\/www.meylanfleurs.com\/it\/meylan-fleurs\/la-nostra-equipe\/#breadcrumb"},"inLanguage":"it-IT","potentialAction":[{"@type":"ReadAction","target":["https:\/\/www.meylanfleurs.com\/it\/meylan-fleurs\/la-nostra-equipe\/"]}]},{"@type":"ImageObject","inLanguage":"it-IT","@id":"https:\/\/www.meylanfleurs.com\/it\/meylan-fleurs\/la-nostra-equipe\/#primaryimage","url":"https:\/\/www.meylanfleurs.com\/wp-content\/uploads\/2023\/04\/flower-1786499-scaled.jpg","contentUrl":"https:\/\/www.meylanfleurs.com\/wp-content\/uploads\/2023\/04\/flower-1786499-scaled.jpg","width":2560,"height":1706},{"@type":"BreadcrumbList","@id":"https:\/\/www.meylanfleurs.com\/it\/meylan-fleurs\/la-nostra-equipe\/#breadcrumb","itemListElement":[{"@type":"ListItem","position":1,"name":"Accueil","item":"https:\/\/www.meylanfleurs.com\/it\/"},{"@type":"ListItem","position":2,"name":"Meylan Fleurs","item":"https:\/\/www.meylanfleurs.com\/it\/meylan-fleurs\/"},{"@type":"ListItem","position":3,"name":"La nostra equipe"}]},{"@type":"WebSite","@id":"https:\/\/www.meylanfleurs.com\/#website","url":"https:\/\/www.meylanfleurs.com\/","name":"Meylan Fleurs, Lausanne","description":"Magasin de fleurs et atelier","potentialAction":[{"@type":"SearchAction","target":{"@type":"EntryPoint","urlTemplate":"https:\/\/www.meylanfleurs.com\/?s={search_term_string}"},"query-input":{"@type":"PropertyValueSpecification","valueRequired":true,"valueName":"search_term_string"}}],"inLanguage":"it-IT"}]}},"_links":{"self":[{"href":"https:\/\/www.meylanfleurs.com\/it\/wp-json\/wp\/v2\/pages\/922","targetHints":{"allow":["GET"]}}],"collection":[{"href":"https:\/\/www.meylanfleurs.com\/it\/wp-json\/wp\/v2\/pages"}],"about":[{"href":"https:\/\/www.meylanfleurs.com\/it\/wp-json\/wp\/v2\/types\/page"}],"author":[{"embeddable":true,"href":"https:\/\/www.meylanfleurs.com\/it\/wp-json\/wp\/v2\/users\/3"}],"replies":[{"embeddable":true,"href":"https:\/\/www.meylanfleurs.com\/it\/wp-json\/wp\/v2\/comments?post=922"}],"version-history":[{"count":3,"href":"https:\/\/www.meylanfleurs.com\/it\/wp-json\/wp\/v2\/pages\/922\/revisions"}],"predecessor-version":[{"id":2189,"href":"https:\/\/www.meylanfleurs.com\/it\/wp-json\/wp\/v2\/pages\/922\/revisions\/2189"}],"up":[{"embeddable":true,"href":"https:\/\/www.meylanfleurs.com\/it\/wp-json\/wp\/v2\/pages\/913"}],"wp:featuredmedia":[{"embeddable":true,"href":"https:\/\/www.meylanfleurs.com\/it\/wp-json\/wp\/v2\/media\/3712"}],"wp:attachment":[{"href":"https:\/\/www.meylanfleurs.com\/it\/wp-json\/wp\/v2\/media?parent=922"}],"curies":[{"name":"wp","href":"https:\/\/api.w.org\/{rel}","templated":true}]}}