{"id":2827,"date":"2021-02-04T15:44:47","date_gmt":"2021-02-04T14:44:47","guid":{"rendered":"https:\/\/www.meylanfleurs.com\/?post_type=product&#038;p=2827"},"modified":"2021-02-08T17:08:13","modified_gmt":"2021-02-08T16:08:13","slug":"palazzo","status":"publish","type":"product","link":"https:\/\/www.meylanfleurs.com\/it\/produit\/palazzo\/","title":{"rendered":"Palazzo"},"content":{"rendered":"<p>Un produit d&#8217;exception!<\/p>\n<p>De somptueuses roses rouges velours pr\u00e9sent\u00e9es dans un vase de collection d&#8217;une maison italienne.<\/p>\n<p>Offrez de l&#8217;\u00e9l\u00e9gance, de la beaut\u00e9 et de la singularit\u00e9.<\/p>\n","protected":false},"excerpt":{"rendered":"<p>Un produit d&#8217;exception! De somptueuses roses rouges velours pr\u00e9sent\u00e9es dans un vase de collection d&#8217;une maison italienne. Offrez de l&#8217;\u00e9l\u00e9gance, de la beaut\u00e9 et de la singularit\u00e9.<\/p>\n","protected":false},"featured_media":2843,"template":"","meta":{"_acf_changed":false},"product_brand":[],"product_cat":[71],"product_tag":[],"class_list":{"0":"post-2827","1":"product","2":"type-product","3":"status-publish","4":"has-post-thumbnail","6":"product_cat-classique","8":"first","9":"instock","10":"taxable","11":"shipping-taxable","12":"purchasable","13":"product-type-variable"},"acf":[],"yoast_head":"<!-- This site is optimized with the Yoast SEO plugin v27.5 - https:\/\/yoast.com\/product\/yoast-seo-wordpress\/ -->\n<title>Palazzo - Meylan Fleurs, Lausanne<\/title>\n<meta name=\"robots\" content=\"index, follow, max-snippet:-1, max-image-preview:large, max-video-preview:-1\" \/>\n<link rel=\"canonical\" href=\"https:\/\/www.meylanfleurs.com\/produit\/palazzo\/\" \/>\n<meta property=\"og:locale\" content=\"it_IT\" \/>\n<meta property=\"og:type\" content=\"article\" \/>\n<meta property=\"og:title\" content=\"Palazzo - Meylan Fleurs, Lausanne\" \/>\n<meta property=\"og:description\" content=\"Un produit d&#8217;exception! De somptueuses roses rouges velours pr\u00e9sent\u00e9es dans un vase de collection d&#8217;une maison italienne. Offrez de l&#8217;\u00e9l\u00e9gance, de la beaut\u00e9 et de la singularit\u00e9.\" \/>\n<meta property=\"og:url\" content=\"https:\/\/www.meylanfleurs.com\/produit\/palazzo\/\" \/>\n<meta property=\"og:site_name\" content=\"Meylan Fleurs, Lausanne\" \/>\n<meta property=\"article:modified_time\" content=\"2021-02-08T16:08:13+00:00\" \/>\n<meta property=\"og:image\" content=\"https:\/\/www.meylanfleurs.com\/wp-content\/uploads\/2021\/02\/IMG_8403-1-scaled.jpg\" \/>\n\t<meta property=\"og:image:width\" content=\"1995\" \/>\n\t<meta property=\"og:image:height\" content=\"2560\" \/>\n\t<meta property=\"og:image:type\" content=\"image\/jpeg\" \/>\n<meta name=\"twitter:card\" content=\"summary_large_image\" \/>\n<meta name=\"twitter:label1\" content=\"Est. reading time\" \/>\n\t<meta name=\"twitter:data1\" content=\"1 minute\" \/>\n<script type=\"application\/ld+json\" class=\"yoast-schema-graph\">{\"@context\":\"https:\\\/\\\/schema.org\",\"@graph\":[{\"@type\":\"WebPage\",\"@id\":\"https:\\\/\\\/www.meylanfleurs.com\\\/produit\\\/palazzo\\\/\",\"url\":\"https:\\\/\\\/www.meylanfleurs.com\\\/produit\\\/palazzo\\\/\",\"name\":\"Palazzo - Meylan Fleurs, Lausanne\",\"isPartOf\":{\"@id\":\"https:\\\/\\\/www.meylanfleurs.com\\\/#website\"},\"primaryImageOfPage\":{\"@id\":\"https:\\\/\\\/www.meylanfleurs.com\\\/produit\\\/palazzo\\\/#primaryimage\"},\"image\":{\"@id\":\"https:\\\/\\\/www.meylanfleurs.com\\\/produit\\\/palazzo\\\/#primaryimage\"},\"thumbnailUrl\":\"https:\\\/\\\/www.meylanfleurs.com\\\/wp-content\\\/uploads\\\/2021\\\/02\\\/IMG_8403-1-scaled.jpg\",\"datePublished\":\"2021-02-04T14:44:47+00:00\",\"dateModified\":\"2021-02-08T16:08:13+00:00\",\"breadcrumb\":{\"@id\":\"https:\\\/\\\/www.meylanfleurs.com\\\/produit\\\/palazzo\\\/#breadcrumb\"},\"inLanguage\":\"it-IT\",\"potentialAction\":[{\"@type\":\"ReadAction\",\"target\":[\"https:\\\/\\\/www.meylanfleurs.com\\\/produit\\\/palazzo\\\/\"]}]},{\"@type\":\"ImageObject\",\"inLanguage\":\"it-IT\",\"@id\":\"https:\\\/\\\/www.meylanfleurs.com\\\/produit\\\/palazzo\\\/#primaryimage\",\"url\":\"https:\\\/\\\/www.meylanfleurs.com\\\/wp-content\\\/uploads\\\/2021\\\/02\\\/IMG_8403-1-scaled.jpg\",\"contentUrl\":\"https:\\\/\\\/www.meylanfleurs.com\\\/wp-content\\\/uploads\\\/2021\\\/02\\\/IMG_8403-1-scaled.jpg\",\"width\":1995,\"height\":2560},{\"@type\":\"BreadcrumbList\",\"@id\":\"https:\\\/\\\/www.meylanfleurs.com\\\/produit\\\/palazzo\\\/#breadcrumb\",\"itemListElement\":[{\"@type\":\"ListItem\",\"position\":1,\"name\":\"Accueil\",\"item\":\"https:\\\/\\\/www.meylanfleurs.com\\\/it\\\/\"},{\"@type\":\"ListItem\",\"position\":2,\"name\":\"Negozio\",\"item\":\"https:\\\/\\\/www.meylanfleurs.com\\\/it\\\/negozio\\\/\"},{\"@type\":\"ListItem\",\"position\":3,\"name\":\"Palazzo\"}]},{\"@type\":\"WebSite\",\"@id\":\"https:\\\/\\\/www.meylanfleurs.com\\\/#website\",\"url\":\"https:\\\/\\\/www.meylanfleurs.com\\\/\",\"name\":\"Meylan Fleurs, Lausanne\",\"description\":\"Magasin de fleurs et atelier\",\"potentialAction\":[{\"@type\":\"SearchAction\",\"target\":{\"@type\":\"EntryPoint\",\"urlTemplate\":\"https:\\\/\\\/www.meylanfleurs.com\\\/?s={search_term_string}\"},\"query-input\":{\"@type\":\"PropertyValueSpecification\",\"valueRequired\":true,\"valueName\":\"search_term_string\"}}],\"inLanguage\":\"it-IT\"}]}<\/script>\n<!-- \/ Yoast SEO plugin. -->","yoast_head_json":{"title":"Palazzo - Meylan Fleurs, Lausanne","robots":{"index":"index","follow":"follow","max-snippet":"max-snippet:-1","max-image-preview":"max-image-preview:large","max-video-preview":"max-video-preview:-1"},"canonical":"https:\/\/www.meylanfleurs.com\/produit\/palazzo\/","og_locale":"it_IT","og_type":"article","og_title":"Palazzo - Meylan Fleurs, Lausanne","og_description":"Un produit d&#8217;exception! De somptueuses roses rouges velours pr\u00e9sent\u00e9es dans un vase de collection d&#8217;une maison italienne. Offrez de l&#8217;\u00e9l\u00e9gance, de la beaut\u00e9 et de la singularit\u00e9.","og_url":"https:\/\/www.meylanfleurs.com\/produit\/palazzo\/","og_site_name":"Meylan Fleurs, Lausanne","article_modified_time":"2021-02-08T16:08:13+00:00","og_image":[{"width":1995,"height":2560,"url":"https:\/\/www.meylanfleurs.com\/wp-content\/uploads\/2021\/02\/IMG_8403-1-scaled.jpg","type":"image\/jpeg"}],"twitter_card":"summary_large_image","twitter_misc":{"Est. reading time":"1 minute"},"schema":{"@context":"https:\/\/schema.org","@graph":[{"@type":"WebPage","@id":"https:\/\/www.meylanfleurs.com\/produit\/palazzo\/","url":"https:\/\/www.meylanfleurs.com\/produit\/palazzo\/","name":"Palazzo - Meylan Fleurs, Lausanne","isPartOf":{"@id":"https:\/\/www.meylanfleurs.com\/#website"},"primaryImageOfPage":{"@id":"https:\/\/www.meylanfleurs.com\/produit\/palazzo\/#primaryimage"},"image":{"@id":"https:\/\/www.meylanfleurs.com\/produit\/palazzo\/#primaryimage"},"thumbnailUrl":"https:\/\/www.meylanfleurs.com\/wp-content\/uploads\/2021\/02\/IMG_8403-1-scaled.jpg","datePublished":"2021-02-04T14:44:47+00:00","dateModified":"2021-02-08T16:08:13+00:00","breadcrumb":{"@id":"https:\/\/www.meylanfleurs.com\/produit\/palazzo\/#breadcrumb"},"inLanguage":"it-IT","potentialAction":[{"@type":"ReadAction","target":["https:\/\/www.meylanfleurs.com\/produit\/palazzo\/"]}]},{"@type":"ImageObject","inLanguage":"it-IT","@id":"https:\/\/www.meylanfleurs.com\/produit\/palazzo\/#primaryimage","url":"https:\/\/www.meylanfleurs.com\/wp-content\/uploads\/2021\/02\/IMG_8403-1-scaled.jpg","contentUrl":"https:\/\/www.meylanfleurs.com\/wp-content\/uploads\/2021\/02\/IMG_8403-1-scaled.jpg","width":1995,"height":2560},{"@type":"BreadcrumbList","@id":"https:\/\/www.meylanfleurs.com\/produit\/palazzo\/#breadcrumb","itemListElement":[{"@type":"ListItem","position":1,"name":"Accueil","item":"https:\/\/www.meylanfleurs.com\/it\/"},{"@type":"ListItem","position":2,"name":"Negozio","item":"https:\/\/www.meylanfleurs.com\/it\/negozio\/"},{"@type":"ListItem","position":3,"name":"Palazzo"}]},{"@type":"WebSite","@id":"https:\/\/www.meylanfleurs.com\/#website","url":"https:\/\/www.meylanfleurs.com\/","name":"Meylan Fleurs, Lausanne","description":"Magasin de fleurs et atelier","potentialAction":[{"@type":"SearchAction","target":{"@type":"EntryPoint","urlTemplate":"https:\/\/www.meylanfleurs.com\/?s={search_term_string}"},"query-input":{"@type":"PropertyValueSpecification","valueRequired":true,"valueName":"search_term_string"}}],"inLanguage":"it-IT"}]}},"_links":{"self":[{"href":"https:\/\/www.meylanfleurs.com\/it\/wp-json\/wp\/v2\/product\/2827","targetHints":{"allow":["GET"]}}],"collection":[{"href":"https:\/\/www.meylanfleurs.com\/it\/wp-json\/wp\/v2\/product"}],"about":[{"href":"https:\/\/www.meylanfleurs.com\/it\/wp-json\/wp\/v2\/types\/product"}],"wp:featuredmedia":[{"embeddable":true,"href":"https:\/\/www.meylanfleurs.com\/it\/wp-json\/wp\/v2\/media\/2843"}],"wp:attachment":[{"href":"https:\/\/www.meylanfleurs.com\/it\/wp-json\/wp\/v2\/media?parent=2827"}],"wp:term":[{"taxonomy":"product_brand","embeddable":true,"href":"https:\/\/www.meylanfleurs.com\/it\/wp-json\/wp\/v2\/product_brand?post=2827"},{"taxonomy":"product_cat","embeddable":true,"href":"https:\/\/www.meylanfleurs.com\/it\/wp-json\/wp\/v2\/product_cat?post=2827"},{"taxonomy":"product_tag","embeddable":true,"href":"https:\/\/www.meylanfleurs.com\/it\/wp-json\/wp\/v2\/product_tag?post=2827"}],"curies":[{"name":"wp","href":"https:\/\/api.w.org\/{rel}","templated":true}]}}