{"id":3808,"date":"2023-04-24T16:08:09","date_gmt":"2023-04-24T14:08:09","guid":{"rendered":"https:\/\/www.meylanfleurs.com\/?post_type=product&#038;p=3808"},"modified":"2023-04-24T18:44:57","modified_gmt":"2023-04-24T16:44:57","slug":"semplicita-2","status":"publish","type":"product","link":"https:\/\/www.meylanfleurs.com\/it\/produit\/semplicita-2\/","title":{"rendered":"Semplicit\u00e0"},"content":{"rendered":"<p>La puret\u00e9, l&#8217;\u00e9l\u00e9gance et la noblesse des sentiments caract\u00e9ris\u00e9es par la beaut\u00e9 de ces lys blancs.<\/p>\n","protected":false},"excerpt":{"rendered":"<p>La puret\u00e9, l&#8217;\u00e9l\u00e9gance et la noblesse des sentiments caract\u00e9ris\u00e9es par la beaut\u00e9 de ces lys blancs.<\/p>\n","protected":false},"featured_media":3819,"template":"","meta":{"_acf_changed":false},"product_brand":[],"product_cat":[74],"product_tag":[],"class_list":{"0":"post-3808","1":"product","2":"type-product","3":"status-publish","4":"has-post-thumbnail","6":"product_cat-elegante","8":"first","9":"instock","10":"taxable","11":"shipping-taxable","12":"purchasable","13":"product-type-variable","14":"has-default-attributes"},"acf":[],"yoast_head":"<!-- This site is optimized with the Yoast SEO plugin v27.3 - https:\/\/yoast.com\/product\/yoast-seo-wordpress\/ -->\n<title>Semplicit\u00e0 - Meylan Fleurs, Lausanne<\/title>\n<meta name=\"robots\" content=\"index, follow, max-snippet:-1, max-image-preview:large, max-video-preview:-1\" \/>\n<link rel=\"canonical\" href=\"https:\/\/www.meylanfleurs.com\/produit\/semplicita-2\/\" \/>\n<meta property=\"og:locale\" content=\"it_IT\" \/>\n<meta property=\"og:type\" content=\"article\" \/>\n<meta property=\"og:title\" content=\"Semplicit\u00e0 - Meylan Fleurs, Lausanne\" \/>\n<meta property=\"og:description\" content=\"La puret\u00e9, l&#8217;\u00e9l\u00e9gance et la noblesse des sentiments caract\u00e9ris\u00e9es par la beaut\u00e9 de ces lys blancs.\" \/>\n<meta property=\"og:url\" content=\"https:\/\/www.meylanfleurs.com\/produit\/semplicita-2\/\" \/>\n<meta property=\"og:site_name\" content=\"Meylan Fleurs, Lausanne\" \/>\n<meta property=\"article:modified_time\" content=\"2023-04-24T16:44:57+00:00\" \/>\n<meta property=\"og:image\" content=\"https:\/\/www.meylanfleurs.com\/wp-content\/uploads\/2023\/04\/jjghgjg-scaled.jpg\" \/>\n\t<meta property=\"og:image:width\" content=\"1920\" \/>\n\t<meta property=\"og:image:height\" content=\"2560\" \/>\n\t<meta property=\"og:image:type\" content=\"image\/jpeg\" \/>\n<meta name=\"twitter:card\" content=\"summary_large_image\" \/>\n<meta name=\"twitter:label1\" content=\"Est. reading time\" \/>\n\t<meta name=\"twitter:data1\" content=\"1 minute\" \/>\n<script type=\"application\/ld+json\" class=\"yoast-schema-graph\">{\"@context\":\"https:\\\/\\\/schema.org\",\"@graph\":[{\"@type\":\"WebPage\",\"@id\":\"https:\\\/\\\/www.meylanfleurs.com\\\/produit\\\/semplicita-2\\\/\",\"url\":\"https:\\\/\\\/www.meylanfleurs.com\\\/produit\\\/semplicita-2\\\/\",\"name\":\"Semplicit\u00e0 - Meylan Fleurs, Lausanne\",\"isPartOf\":{\"@id\":\"https:\\\/\\\/www.meylanfleurs.com\\\/#website\"},\"primaryImageOfPage\":{\"@id\":\"https:\\\/\\\/www.meylanfleurs.com\\\/produit\\\/semplicita-2\\\/#primaryimage\"},\"image\":{\"@id\":\"https:\\\/\\\/www.meylanfleurs.com\\\/produit\\\/semplicita-2\\\/#primaryimage\"},\"thumbnailUrl\":\"https:\\\/\\\/www.meylanfleurs.com\\\/wp-content\\\/uploads\\\/2023\\\/04\\\/jjghgjg-scaled.jpg\",\"datePublished\":\"2023-04-24T14:08:09+00:00\",\"dateModified\":\"2023-04-24T16:44:57+00:00\",\"breadcrumb\":{\"@id\":\"https:\\\/\\\/www.meylanfleurs.com\\\/produit\\\/semplicita-2\\\/#breadcrumb\"},\"inLanguage\":\"it-IT\",\"potentialAction\":[{\"@type\":\"ReadAction\",\"target\":[\"https:\\\/\\\/www.meylanfleurs.com\\\/produit\\\/semplicita-2\\\/\"]}]},{\"@type\":\"ImageObject\",\"inLanguage\":\"it-IT\",\"@id\":\"https:\\\/\\\/www.meylanfleurs.com\\\/produit\\\/semplicita-2\\\/#primaryimage\",\"url\":\"https:\\\/\\\/www.meylanfleurs.com\\\/wp-content\\\/uploads\\\/2023\\\/04\\\/jjghgjg-scaled.jpg\",\"contentUrl\":\"https:\\\/\\\/www.meylanfleurs.com\\\/wp-content\\\/uploads\\\/2023\\\/04\\\/jjghgjg-scaled.jpg\",\"width\":1920,\"height\":2560},{\"@type\":\"BreadcrumbList\",\"@id\":\"https:\\\/\\\/www.meylanfleurs.com\\\/produit\\\/semplicita-2\\\/#breadcrumb\",\"itemListElement\":[{\"@type\":\"ListItem\",\"position\":1,\"name\":\"Accueil\",\"item\":\"https:\\\/\\\/www.meylanfleurs.com\\\/it\\\/\"},{\"@type\":\"ListItem\",\"position\":2,\"name\":\"Negozio\",\"item\":\"https:\\\/\\\/www.meylanfleurs.com\\\/it\\\/negozio\\\/\"},{\"@type\":\"ListItem\",\"position\":3,\"name\":\"Semplicit\u00e0\"}]},{\"@type\":\"WebSite\",\"@id\":\"https:\\\/\\\/www.meylanfleurs.com\\\/#website\",\"url\":\"https:\\\/\\\/www.meylanfleurs.com\\\/\",\"name\":\"Meylan Fleurs, Lausanne\",\"description\":\"Magasin de fleurs et atelier\",\"potentialAction\":[{\"@type\":\"SearchAction\",\"target\":{\"@type\":\"EntryPoint\",\"urlTemplate\":\"https:\\\/\\\/www.meylanfleurs.com\\\/?s={search_term_string}\"},\"query-input\":{\"@type\":\"PropertyValueSpecification\",\"valueRequired\":true,\"valueName\":\"search_term_string\"}}],\"inLanguage\":\"it-IT\"}]}<\/script>\n<!-- \/ Yoast SEO plugin. -->","yoast_head_json":{"title":"Semplicit\u00e0 - Meylan Fleurs, Lausanne","robots":{"index":"index","follow":"follow","max-snippet":"max-snippet:-1","max-image-preview":"max-image-preview:large","max-video-preview":"max-video-preview:-1"},"canonical":"https:\/\/www.meylanfleurs.com\/produit\/semplicita-2\/","og_locale":"it_IT","og_type":"article","og_title":"Semplicit\u00e0 - Meylan Fleurs, Lausanne","og_description":"La puret\u00e9, l&#8217;\u00e9l\u00e9gance et la noblesse des sentiments caract\u00e9ris\u00e9es par la beaut\u00e9 de ces lys blancs.","og_url":"https:\/\/www.meylanfleurs.com\/produit\/semplicita-2\/","og_site_name":"Meylan Fleurs, Lausanne","article_modified_time":"2023-04-24T16:44:57+00:00","og_image":[{"width":1920,"height":2560,"url":"https:\/\/www.meylanfleurs.com\/wp-content\/uploads\/2023\/04\/jjghgjg-scaled.jpg","type":"image\/jpeg"}],"twitter_card":"summary_large_image","twitter_misc":{"Est. reading time":"1 minute"},"schema":{"@context":"https:\/\/schema.org","@graph":[{"@type":"WebPage","@id":"https:\/\/www.meylanfleurs.com\/produit\/semplicita-2\/","url":"https:\/\/www.meylanfleurs.com\/produit\/semplicita-2\/","name":"Semplicit\u00e0 - Meylan Fleurs, Lausanne","isPartOf":{"@id":"https:\/\/www.meylanfleurs.com\/#website"},"primaryImageOfPage":{"@id":"https:\/\/www.meylanfleurs.com\/produit\/semplicita-2\/#primaryimage"},"image":{"@id":"https:\/\/www.meylanfleurs.com\/produit\/semplicita-2\/#primaryimage"},"thumbnailUrl":"https:\/\/www.meylanfleurs.com\/wp-content\/uploads\/2023\/04\/jjghgjg-scaled.jpg","datePublished":"2023-04-24T14:08:09+00:00","dateModified":"2023-04-24T16:44:57+00:00","breadcrumb":{"@id":"https:\/\/www.meylanfleurs.com\/produit\/semplicita-2\/#breadcrumb"},"inLanguage":"it-IT","potentialAction":[{"@type":"ReadAction","target":["https:\/\/www.meylanfleurs.com\/produit\/semplicita-2\/"]}]},{"@type":"ImageObject","inLanguage":"it-IT","@id":"https:\/\/www.meylanfleurs.com\/produit\/semplicita-2\/#primaryimage","url":"https:\/\/www.meylanfleurs.com\/wp-content\/uploads\/2023\/04\/jjghgjg-scaled.jpg","contentUrl":"https:\/\/www.meylanfleurs.com\/wp-content\/uploads\/2023\/04\/jjghgjg-scaled.jpg","width":1920,"height":2560},{"@type":"BreadcrumbList","@id":"https:\/\/www.meylanfleurs.com\/produit\/semplicita-2\/#breadcrumb","itemListElement":[{"@type":"ListItem","position":1,"name":"Accueil","item":"https:\/\/www.meylanfleurs.com\/it\/"},{"@type":"ListItem","position":2,"name":"Negozio","item":"https:\/\/www.meylanfleurs.com\/it\/negozio\/"},{"@type":"ListItem","position":3,"name":"Semplicit\u00e0"}]},{"@type":"WebSite","@id":"https:\/\/www.meylanfleurs.com\/#website","url":"https:\/\/www.meylanfleurs.com\/","name":"Meylan Fleurs, Lausanne","description":"Magasin de fleurs et atelier","potentialAction":[{"@type":"SearchAction","target":{"@type":"EntryPoint","urlTemplate":"https:\/\/www.meylanfleurs.com\/?s={search_term_string}"},"query-input":{"@type":"PropertyValueSpecification","valueRequired":true,"valueName":"search_term_string"}}],"inLanguage":"it-IT"}]}},"_links":{"self":[{"href":"https:\/\/www.meylanfleurs.com\/it\/wp-json\/wp\/v2\/product\/3808","targetHints":{"allow":["GET"]}}],"collection":[{"href":"https:\/\/www.meylanfleurs.com\/it\/wp-json\/wp\/v2\/product"}],"about":[{"href":"https:\/\/www.meylanfleurs.com\/it\/wp-json\/wp\/v2\/types\/product"}],"wp:featuredmedia":[{"embeddable":true,"href":"https:\/\/www.meylanfleurs.com\/it\/wp-json\/wp\/v2\/media\/3819"}],"wp:attachment":[{"href":"https:\/\/www.meylanfleurs.com\/it\/wp-json\/wp\/v2\/media?parent=3808"}],"wp:term":[{"taxonomy":"product_brand","embeddable":true,"href":"https:\/\/www.meylanfleurs.com\/it\/wp-json\/wp\/v2\/product_brand?post=3808"},{"taxonomy":"product_cat","embeddable":true,"href":"https:\/\/www.meylanfleurs.com\/it\/wp-json\/wp\/v2\/product_cat?post=3808"},{"taxonomy":"product_tag","embeddable":true,"href":"https:\/\/www.meylanfleurs.com\/it\/wp-json\/wp\/v2\/product_tag?post=3808"}],"curies":[{"name":"wp","href":"https:\/\/api.w.org\/{rel}","templated":true}]}}