{"id":965,"date":"2017-04-11T10:11:05","date_gmt":"2017-04-11T08:11:05","guid":{"rendered":"http:\/\/www.meylanfleurs.com\/?page_id=965\/"},"modified":"2020-12-16T10:35:32","modified_gmt":"2020-12-16T09:35:32","slug":"%d0%bd%d0%b0%d1%88%d0%b8-%d0%ba%d0%bb%d0%b8%d0%b5%d0%bd%d1%82%d1%8b","status":"publish","type":"page","link":"https:\/\/www.meylanfleurs.com\/ru\/meylan-fleurs\/%d0%bd%d0%b0%d1%88%d0%b8-%d0%ba%d0%bb%d0%b8%d0%b5%d0%bd%d1%82%d1%8b\/","title":{"rendered":"\u041d\u0430\u0448\u0438 \u043a\u043b\u0438\u0435\u043d\u0442\u044b"},"content":{"rendered":"\n<p>\u0412 \u0442\u0435\u0447\u0435\u043d\u0438\u0435 \u043f\u043e\u0447\u0442\u0438 \u0441\u0442\u043e\u043b\u0435\u0442\u0438\u044f \u043d\u0430\u0448\u0438 \u043a\u043b\u0438\u0435\u043d\u0442\u044b \u043f\u043e\u043c\u043e\u0433\u043b\u0438 \u0441\u0444\u043e\u0440\u043c\u0438\u0440\u043e\u0432\u0430\u0442\u044c \u0440\u0435\u043f\u0443\u0442\u0430\u0446\u0438\u044e Meylan Fleurs.<\/p>\n\n\n\n<p>\u0421\u0440\u0435\u0434\u0438 \u043d\u0430\u0448\u0438\u0445 \u043a\u043b\u0438\u0435\u043d\u0442\u043e\u0432 \u043c\u043d\u043e\u0433\u043e \u0438\u0437\u0432\u0435\u0441\u0442\u043d\u044b\u0445 \u0443\u0447\u0440\u0435\u0436\u0434\u0435\u043d\u0438\u0439; \u0434\u0432\u043e\u0440\u0446\u044b, \u044d\u043b\u0438\u0442\u043d\u044b\u0435 \u0431\u0443\u0442\u0438\u043a\u0438, \u0440\u0435\u0441\u0442\u043e\u0440\u0430\u043d\u044b, \u043a\u043e\u043c\u043f\u0430\u043d\u0438\u0438, \u0447\u0430\u0441\u0442\u043d\u044b\u0435 \u043b\u0438\u0446\u0430,<\/p>\n\n\n\n<p>\u0430 \u0442\u0430\u043a\u0436\u0435:<\/p>\n\n\n\n<ul class=\"wp-block-list\"><li>Anne-Sophie Pic<\/li><li>Audemars Piguet<\/li><li>Ballet B\u00e9jart Lausanne<\/li><li>Beau-Rivage Palace<\/li><li>Bernard Nicod<\/li><li>Bobst<\/li><li>Ch\u00e2teau d\u2019Ouchy<\/li><li>Chronom\u00e9trie l\u2019Emeraude<\/li><li>Clinique la Prairie<\/li><li>Clinique Valmont<\/li><li>Comit\u00e9 International Olympique<\/li><li>Dior<\/li><li>Ecole h\u00f4teli\u00e8re de Lausanne<\/li><li>EPFL<\/li><li>Etat de Vaud<\/li><li>Fondation Arts et Culture<\/li><li>Fondation de l\u2019Hermitage<\/li><li>Galerie Alice Pauli<\/li><li>Groupe Hirslanden<\/li><li>HEP<\/li><li>Herm\u00e8s<\/li><li>Hublot<\/li><li>Hyatt International<\/li><li>Kudelski Group<\/li><li>Lausanne Palace<\/li><li>Louis Vuitton<\/li><li>Montblanc<\/li><li>Mus\u00e9e Olympique<\/li><li>Nestl\u00e9<\/li><li>Op\u00e9ra de Lausanne<\/li><li>Ordre des Avocats<\/li><li>Philip Morris International<\/li><li>Restaurant de l\u2019H\u00f4tel de Ville, Beno\u00eet Violier<\/li><li>Royal Savoy<\/li><li>Sandoz Family Office<\/li><li>Sicpa<\/li><li>Swatch Group<\/li><li>Tetra Pak<\/li><li>Tribunal F\u00e9d\u00e9ral<\/li><li>Ville de Lausanne<\/li><\/ul>\n\n\n\n<p>\u0430 \u0442\u0430\u043a\u0436\u0435 \u043a\u043b\u0438\u0435\u043d\u0442\u044b \u043d\u0430\u0448\u0435\u0433\u043e \u0440\u0430\u0439\u043e\u043d\u0430, \u041b\u043e\u0437\u0430\u043d\u043d\u044b \u0438 \u0435\u0435 \u043e\u043a\u0440\u0443\u0433\u0438.<\/p>\n","protected":false},"excerpt":{"rendered":"<p>\u0412 \u0442\u0435\u0447\u0435\u043d\u0438\u0435 \u043f\u043e\u0447\u0442\u0438 \u0441\u0442\u043e\u043b\u0435\u0442\u0438\u044f \u043d\u0430\u0448\u0438 \u043a\u043b\u0438\u0435\u043d\u0442\u044b \u043f\u043e\u043c\u043e\u0433\u043b\u0438 \u0441\u0444\u043e\u0440\u043c\u0438\u0440\u043e\u0432\u0430\u0442\u044c \u0440\u0435\u043f\u0443\u0442\u0430\u0446\u0438\u044e Meylan Fleurs. \u0421\u0440\u0435\u0434\u0438 \u043d\u0430\u0448\u0438\u0445 \u043a\u043b\u0438\u0435\u043d\u0442\u043e\u0432 \u043c\u043d\u043e\u0433\u043e \u0438\u0437\u0432\u0435\u0441\u0442\u043d\u044b\u0445 \u0443\u0447\u0440\u0435\u0436\u0434\u0435\u043d\u0438\u0439; \u0434\u0432\u043e\u0440\u0446\u044b, \u044d\u043b\u0438\u0442\u043d\u044b\u0435 \u0431\u0443\u0442\u0438\u043a\u0438, \u0440\u0435\u0441\u0442\u043e\u0440\u0430\u043d\u044b, \u043a\u043e\u043c\u043f\u0430\u043d\u0438\u0438, \u0447\u0430\u0441\u0442\u043d\u044b\u0435 \u043b\u0438\u0446\u0430, \u0430 \u0442\u0430\u043a\u0436\u0435: Anne-Sophie Pic Audemars Piguet Ballet B\u00e9jart Lausanne Beau-Rivage Palace Bernard Nicod Bobst Ch\u00e2teau d\u2019Ouchy Chronom\u00e9trie l\u2019Emeraude Clinique la Prairie Clinique Valmont Comit\u00e9 International Olympique Dior Ecole h\u00f4teli\u00e8re de Lausanne [&hellip;]<\/p>\n","protected":false},"author":3,"featured_media":1700,"parent":954,"menu_order":4,"comment_status":"closed","ping_status":"closed","template":"","meta":{"_acf_changed":false,"footnotes":""},"class_list":["post-965","page","type-page","status-publish","has-post-thumbnail","hentry"],"acf":[],"yoast_head":"<!-- This site is optimized with the Yoast SEO plugin v27.3 - https:\/\/yoast.com\/product\/yoast-seo-wordpress\/ -->\n<title>\u041d\u0430\u0448\u0438 \u043a\u043b\u0438\u0435\u043d\u0442\u044b - Meylan Fleurs, Lausanne<\/title>\n<meta name=\"robots\" content=\"index, follow, max-snippet:-1, max-image-preview:large, max-video-preview:-1\" \/>\n<link rel=\"canonical\" href=\"https:\/\/www.meylanfleurs.com\/ru\/meylan-fleurs\/\u043d\u0430\u0448\u0438-\u043a\u043b\u0438\u0435\u043d\u0442\u044b\/\" \/>\n<meta property=\"og:locale\" content=\"ru_RU\" \/>\n<meta property=\"og:type\" content=\"article\" \/>\n<meta property=\"og:title\" content=\"\u041d\u0430\u0448\u0438 \u043a\u043b\u0438\u0435\u043d\u0442\u044b - Meylan Fleurs, Lausanne\" \/>\n<meta property=\"og:description\" content=\"\u0412 \u0442\u0435\u0447\u0435\u043d\u0438\u0435 \u043f\u043e\u0447\u0442\u0438 \u0441\u0442\u043e\u043b\u0435\u0442\u0438\u044f \u043d\u0430\u0448\u0438 \u043a\u043b\u0438\u0435\u043d\u0442\u044b \u043f\u043e\u043c\u043e\u0433\u043b\u0438 \u0441\u0444\u043e\u0440\u043c\u0438\u0440\u043e\u0432\u0430\u0442\u044c \u0440\u0435\u043f\u0443\u0442\u0430\u0446\u0438\u044e Meylan Fleurs. \u0421\u0440\u0435\u0434\u0438 \u043d\u0430\u0448\u0438\u0445 \u043a\u043b\u0438\u0435\u043d\u0442\u043e\u0432 \u043c\u043d\u043e\u0433\u043e \u0438\u0437\u0432\u0435\u0441\u0442\u043d\u044b\u0445 \u0443\u0447\u0440\u0435\u0436\u0434\u0435\u043d\u0438\u0439; \u0434\u0432\u043e\u0440\u0446\u044b, \u044d\u043b\u0438\u0442\u043d\u044b\u0435 \u0431\u0443\u0442\u0438\u043a\u0438, \u0440\u0435\u0441\u0442\u043e\u0440\u0430\u043d\u044b, \u043a\u043e\u043c\u043f\u0430\u043d\u0438\u0438, \u0447\u0430\u0441\u0442\u043d\u044b\u0435 \u043b\u0438\u0446\u0430, \u0430 \u0442\u0430\u043a\u0436\u0435: Anne-Sophie Pic Audemars Piguet Ballet B\u00e9jart Lausanne Beau-Rivage Palace Bernard Nicod Bobst Ch\u00e2teau d\u2019Ouchy Chronom\u00e9trie l\u2019Emeraude Clinique la Prairie Clinique Valmont Comit\u00e9 International Olympique Dior Ecole h\u00f4teli\u00e8re de Lausanne [&hellip;]\" \/>\n<meta property=\"og:url\" content=\"https:\/\/www.meylanfleurs.com\/ru\/meylan-fleurs\/\u043d\u0430\u0448\u0438-\u043a\u043b\u0438\u0435\u043d\u0442\u044b\/\" \/>\n<meta property=\"og:site_name\" content=\"Meylan Fleurs, Lausanne\" \/>\n<meta property=\"article:modified_time\" content=\"2020-12-16T09:35:32+00:00\" \/>\n<meta property=\"og:image\" content=\"https:\/\/www.meylanfleurs.com\/wp-content\/uploads\/2017\/03\/bandeau_clients_nos-clients-1.jpg\" \/>\n\t<meta property=\"og:image:width\" content=\"1644\" \/>\n\t<meta property=\"og:image:height\" content=\"476\" \/>\n\t<meta property=\"og:image:type\" content=\"image\/jpeg\" \/>\n<meta name=\"twitter:card\" content=\"summary_large_image\" \/>\n<script type=\"application\/ld+json\" class=\"yoast-schema-graph\">{\"@context\":\"https:\\\/\\\/schema.org\",\"@graph\":[{\"@type\":\"WebPage\",\"@id\":\"https:\\\/\\\/www.meylanfleurs.com\\\/ru\\\/meylan-fleurs\\\/%d0%bd%d0%b0%d1%88%d0%b8-%d0%ba%d0%bb%d0%b8%d0%b5%d0%bd%d1%82%d1%8b\\\/\",\"url\":\"https:\\\/\\\/www.meylanfleurs.com\\\/ru\\\/meylan-fleurs\\\/%d0%bd%d0%b0%d1%88%d0%b8-%d0%ba%d0%bb%d0%b8%d0%b5%d0%bd%d1%82%d1%8b\\\/\",\"name\":\"\u041d\u0430\u0448\u0438 \u043a\u043b\u0438\u0435\u043d\u0442\u044b - Meylan Fleurs, Lausanne\",\"isPartOf\":{\"@id\":\"https:\\\/\\\/www.meylanfleurs.com\\\/#website\"},\"primaryImageOfPage\":{\"@id\":\"https:\\\/\\\/www.meylanfleurs.com\\\/ru\\\/meylan-fleurs\\\/%d0%bd%d0%b0%d1%88%d0%b8-%d0%ba%d0%bb%d0%b8%d0%b5%d0%bd%d1%82%d1%8b\\\/#primaryimage\"},\"image\":{\"@id\":\"https:\\\/\\\/www.meylanfleurs.com\\\/ru\\\/meylan-fleurs\\\/%d0%bd%d0%b0%d1%88%d0%b8-%d0%ba%d0%bb%d0%b8%d0%b5%d0%bd%d1%82%d1%8b\\\/#primaryimage\"},\"thumbnailUrl\":\"https:\\\/\\\/www.meylanfleurs.com\\\/wp-content\\\/uploads\\\/2017\\\/03\\\/bandeau_clients_nos-clients-1.jpg\",\"datePublished\":\"2017-04-11T08:11:05+00:00\",\"dateModified\":\"2020-12-16T09:35:32+00:00\",\"breadcrumb\":{\"@id\":\"https:\\\/\\\/www.meylanfleurs.com\\\/ru\\\/meylan-fleurs\\\/%d0%bd%d0%b0%d1%88%d0%b8-%d0%ba%d0%bb%d0%b8%d0%b5%d0%bd%d1%82%d1%8b\\\/#breadcrumb\"},\"inLanguage\":\"ru-RU\",\"potentialAction\":[{\"@type\":\"ReadAction\",\"target\":[\"https:\\\/\\\/www.meylanfleurs.com\\\/ru\\\/meylan-fleurs\\\/%d0%bd%d0%b0%d1%88%d0%b8-%d0%ba%d0%bb%d0%b8%d0%b5%d0%bd%d1%82%d1%8b\\\/\"]}]},{\"@type\":\"ImageObject\",\"inLanguage\":\"ru-RU\",\"@id\":\"https:\\\/\\\/www.meylanfleurs.com\\\/ru\\\/meylan-fleurs\\\/%d0%bd%d0%b0%d1%88%d0%b8-%d0%ba%d0%bb%d0%b8%d0%b5%d0%bd%d1%82%d1%8b\\\/#primaryimage\",\"url\":\"https:\\\/\\\/www.meylanfleurs.com\\\/wp-content\\\/uploads\\\/2017\\\/03\\\/bandeau_clients_nos-clients-1.jpg\",\"contentUrl\":\"https:\\\/\\\/www.meylanfleurs.com\\\/wp-content\\\/uploads\\\/2017\\\/03\\\/bandeau_clients_nos-clients-1.jpg\",\"width\":1644,\"height\":476},{\"@type\":\"BreadcrumbList\",\"@id\":\"https:\\\/\\\/www.meylanfleurs.com\\\/ru\\\/meylan-fleurs\\\/%d0%bd%d0%b0%d1%88%d0%b8-%d0%ba%d0%bb%d0%b8%d0%b5%d0%bd%d1%82%d1%8b\\\/#breadcrumb\",\"itemListElement\":[{\"@type\":\"ListItem\",\"position\":1,\"name\":\"Accueil\",\"item\":\"https:\\\/\\\/www.meylanfleurs.com\\\/ru\\\/\"},{\"@type\":\"ListItem\",\"position\":2,\"name\":\"Meylan Fleurs\",\"item\":\"https:\\\/\\\/www.meylanfleurs.com\\\/ru\\\/meylan-fleurs\\\/\"},{\"@type\":\"ListItem\",\"position\":3,\"name\":\"\u041d\u0430\u0448\u0438 \u043a\u043b\u0438\u0435\u043d\u0442\u044b\"}]},{\"@type\":\"WebSite\",\"@id\":\"https:\\\/\\\/www.meylanfleurs.com\\\/#website\",\"url\":\"https:\\\/\\\/www.meylanfleurs.com\\\/\",\"name\":\"Meylan Fleurs, Lausanne\",\"description\":\"Magasin de fleurs et atelier\",\"potentialAction\":[{\"@type\":\"SearchAction\",\"target\":{\"@type\":\"EntryPoint\",\"urlTemplate\":\"https:\\\/\\\/www.meylanfleurs.com\\\/?s={search_term_string}\"},\"query-input\":{\"@type\":\"PropertyValueSpecification\",\"valueRequired\":true,\"valueName\":\"search_term_string\"}}],\"inLanguage\":\"ru-RU\"}]}<\/script>\n<!-- \/ Yoast SEO plugin. -->","yoast_head_json":{"title":"\u041d\u0430\u0448\u0438 \u043a\u043b\u0438\u0435\u043d\u0442\u044b - Meylan Fleurs, Lausanne","robots":{"index":"index","follow":"follow","max-snippet":"max-snippet:-1","max-image-preview":"max-image-preview:large","max-video-preview":"max-video-preview:-1"},"canonical":"https:\/\/www.meylanfleurs.com\/ru\/meylan-fleurs\/\u043d\u0430\u0448\u0438-\u043a\u043b\u0438\u0435\u043d\u0442\u044b\/","og_locale":"ru_RU","og_type":"article","og_title":"\u041d\u0430\u0448\u0438 \u043a\u043b\u0438\u0435\u043d\u0442\u044b - Meylan Fleurs, Lausanne","og_description":"\u0412 \u0442\u0435\u0447\u0435\u043d\u0438\u0435 \u043f\u043e\u0447\u0442\u0438 \u0441\u0442\u043e\u043b\u0435\u0442\u0438\u044f \u043d\u0430\u0448\u0438 \u043a\u043b\u0438\u0435\u043d\u0442\u044b \u043f\u043e\u043c\u043e\u0433\u043b\u0438 \u0441\u0444\u043e\u0440\u043c\u0438\u0440\u043e\u0432\u0430\u0442\u044c \u0440\u0435\u043f\u0443\u0442\u0430\u0446\u0438\u044e Meylan Fleurs. \u0421\u0440\u0435\u0434\u0438 \u043d\u0430\u0448\u0438\u0445 \u043a\u043b\u0438\u0435\u043d\u0442\u043e\u0432 \u043c\u043d\u043e\u0433\u043e \u0438\u0437\u0432\u0435\u0441\u0442\u043d\u044b\u0445 \u0443\u0447\u0440\u0435\u0436\u0434\u0435\u043d\u0438\u0439; \u0434\u0432\u043e\u0440\u0446\u044b, \u044d\u043b\u0438\u0442\u043d\u044b\u0435 \u0431\u0443\u0442\u0438\u043a\u0438, \u0440\u0435\u0441\u0442\u043e\u0440\u0430\u043d\u044b, \u043a\u043e\u043c\u043f\u0430\u043d\u0438\u0438, \u0447\u0430\u0441\u0442\u043d\u044b\u0435 \u043b\u0438\u0446\u0430, \u0430 \u0442\u0430\u043a\u0436\u0435: Anne-Sophie Pic Audemars Piguet Ballet B\u00e9jart Lausanne Beau-Rivage Palace Bernard Nicod Bobst Ch\u00e2teau d\u2019Ouchy Chronom\u00e9trie l\u2019Emeraude Clinique la Prairie Clinique Valmont Comit\u00e9 International Olympique Dior Ecole h\u00f4teli\u00e8re de Lausanne [&hellip;]","og_url":"https:\/\/www.meylanfleurs.com\/ru\/meylan-fleurs\/\u043d\u0430\u0448\u0438-\u043a\u043b\u0438\u0435\u043d\u0442\u044b\/","og_site_name":"Meylan Fleurs, Lausanne","article_modified_time":"2020-12-16T09:35:32+00:00","og_image":[{"width":1644,"height":476,"url":"https:\/\/www.meylanfleurs.com\/wp-content\/uploads\/2017\/03\/bandeau_clients_nos-clients-1.jpg","type":"image\/jpeg"}],"twitter_card":"summary_large_image","schema":{"@context":"https:\/\/schema.org","@graph":[{"@type":"WebPage","@id":"https:\/\/www.meylanfleurs.com\/ru\/meylan-fleurs\/%d0%bd%d0%b0%d1%88%d0%b8-%d0%ba%d0%bb%d0%b8%d0%b5%d0%bd%d1%82%d1%8b\/","url":"https:\/\/www.meylanfleurs.com\/ru\/meylan-fleurs\/%d0%bd%d0%b0%d1%88%d0%b8-%d0%ba%d0%bb%d0%b8%d0%b5%d0%bd%d1%82%d1%8b\/","name":"\u041d\u0430\u0448\u0438 \u043a\u043b\u0438\u0435\u043d\u0442\u044b - Meylan Fleurs, Lausanne","isPartOf":{"@id":"https:\/\/www.meylanfleurs.com\/#website"},"primaryImageOfPage":{"@id":"https:\/\/www.meylanfleurs.com\/ru\/meylan-fleurs\/%d0%bd%d0%b0%d1%88%d0%b8-%d0%ba%d0%bb%d0%b8%d0%b5%d0%bd%d1%82%d1%8b\/#primaryimage"},"image":{"@id":"https:\/\/www.meylanfleurs.com\/ru\/meylan-fleurs\/%d0%bd%d0%b0%d1%88%d0%b8-%d0%ba%d0%bb%d0%b8%d0%b5%d0%bd%d1%82%d1%8b\/#primaryimage"},"thumbnailUrl":"https:\/\/www.meylanfleurs.com\/wp-content\/uploads\/2017\/03\/bandeau_clients_nos-clients-1.jpg","datePublished":"2017-04-11T08:11:05+00:00","dateModified":"2020-12-16T09:35:32+00:00","breadcrumb":{"@id":"https:\/\/www.meylanfleurs.com\/ru\/meylan-fleurs\/%d0%bd%d0%b0%d1%88%d0%b8-%d0%ba%d0%bb%d0%b8%d0%b5%d0%bd%d1%82%d1%8b\/#breadcrumb"},"inLanguage":"ru-RU","potentialAction":[{"@type":"ReadAction","target":["https:\/\/www.meylanfleurs.com\/ru\/meylan-fleurs\/%d0%bd%d0%b0%d1%88%d0%b8-%d0%ba%d0%bb%d0%b8%d0%b5%d0%bd%d1%82%d1%8b\/"]}]},{"@type":"ImageObject","inLanguage":"ru-RU","@id":"https:\/\/www.meylanfleurs.com\/ru\/meylan-fleurs\/%d0%bd%d0%b0%d1%88%d0%b8-%d0%ba%d0%bb%d0%b8%d0%b5%d0%bd%d1%82%d1%8b\/#primaryimage","url":"https:\/\/www.meylanfleurs.com\/wp-content\/uploads\/2017\/03\/bandeau_clients_nos-clients-1.jpg","contentUrl":"https:\/\/www.meylanfleurs.com\/wp-content\/uploads\/2017\/03\/bandeau_clients_nos-clients-1.jpg","width":1644,"height":476},{"@type":"BreadcrumbList","@id":"https:\/\/www.meylanfleurs.com\/ru\/meylan-fleurs\/%d0%bd%d0%b0%d1%88%d0%b8-%d0%ba%d0%bb%d0%b8%d0%b5%d0%bd%d1%82%d1%8b\/#breadcrumb","itemListElement":[{"@type":"ListItem","position":1,"name":"Accueil","item":"https:\/\/www.meylanfleurs.com\/ru\/"},{"@type":"ListItem","position":2,"name":"Meylan Fleurs","item":"https:\/\/www.meylanfleurs.com\/ru\/meylan-fleurs\/"},{"@type":"ListItem","position":3,"name":"\u041d\u0430\u0448\u0438 \u043a\u043b\u0438\u0435\u043d\u0442\u044b"}]},{"@type":"WebSite","@id":"https:\/\/www.meylanfleurs.com\/#website","url":"https:\/\/www.meylanfleurs.com\/","name":"Meylan Fleurs, Lausanne","description":"Magasin de fleurs et atelier","potentialAction":[{"@type":"SearchAction","target":{"@type":"EntryPoint","urlTemplate":"https:\/\/www.meylanfleurs.com\/?s={search_term_string}"},"query-input":{"@type":"PropertyValueSpecification","valueRequired":true,"valueName":"search_term_string"}}],"inLanguage":"ru-RU"}]}},"_links":{"self":[{"href":"https:\/\/www.meylanfleurs.com\/ru\/wp-json\/wp\/v2\/pages\/965","targetHints":{"allow":["GET"]}}],"collection":[{"href":"https:\/\/www.meylanfleurs.com\/ru\/wp-json\/wp\/v2\/pages"}],"about":[{"href":"https:\/\/www.meylanfleurs.com\/ru\/wp-json\/wp\/v2\/types\/page"}],"author":[{"embeddable":true,"href":"https:\/\/www.meylanfleurs.com\/ru\/wp-json\/wp\/v2\/users\/3"}],"replies":[{"embeddable":true,"href":"https:\/\/www.meylanfleurs.com\/ru\/wp-json\/wp\/v2\/comments?post=965"}],"version-history":[{"count":3,"href":"https:\/\/www.meylanfleurs.com\/ru\/wp-json\/wp\/v2\/pages\/965\/revisions"}],"predecessor-version":[{"id":2195,"href":"https:\/\/www.meylanfleurs.com\/ru\/wp-json\/wp\/v2\/pages\/965\/revisions\/2195"}],"up":[{"embeddable":true,"href":"https:\/\/www.meylanfleurs.com\/ru\/wp-json\/wp\/v2\/pages\/954"}],"wp:featuredmedia":[{"embeddable":true,"href":"https:\/\/www.meylanfleurs.com\/ru\/wp-json\/wp\/v2\/media\/1700"}],"wp:attachment":[{"href":"https:\/\/www.meylanfleurs.com\/ru\/wp-json\/wp\/v2\/media?parent=965"}],"curies":[{"name":"wp","href":"https:\/\/api.w.org\/{rel}","templated":true}]}}