{"id":2959,"date":"2021-03-20T15:17:41","date_gmt":"2021-03-20T14:17:41","guid":{"rendered":"https:\/\/www.meylanfleurs.com\/?post_type=product&#038;p=2959"},"modified":"2021-05-03T14:30:05","modified_gmt":"2021-05-03T12:30:05","slug":"vases-collection-venini","status":"publish","type":"product","link":"https:\/\/www.meylanfleurs.com\/ru\/produit\/vases-collection-venini\/","title":{"rendered":"Vases &#8211; collection &#8216;Venini&#8217;"},"content":{"rendered":"<p>Des courbes originales et uniques donnent une c\u00f4t\u00e9 sp\u00e9cial \u00e0 ces vases d&#8217;exception.<\/p>\n<p>Pratiques, ils peuvent accueillir des fleurs et des cr\u00e9ations diverses et vari\u00e9es.<\/p>\n<p>Fabriqu\u00e9e en Italie, chaque pi\u00e8ce se diff\u00e9rencie des autres. Les mouvements du vase se forment et prennent vie avec \u00e9l\u00e9gance.<\/p>\n<p>version 1 \u00a0\u00a0\u00a0\u00a0\u00a0\u00a0\u00a0\u00a0\u00a0\u00a0 hauteur 22 cm, diam\u00e8tre 17 cm<\/p>\n<p>version 2 \u00a0\u00a0\u00a0\u00a0\u00a0\u00a0\u00a0\u00a0\u00a0 hauteur 29 cm, diam\u00e8tre 23 cm<\/p>\n<p>version 3 \u00a0\u00a0\u00a0\u00a0\u00a0\u00a0\u00a0\u00a0\u00a0 hauteur 40 cm, diam\u00e8tre 30 cm<\/p>\n","protected":false},"excerpt":{"rendered":"<p>Des courbes originales et uniques donnent une c\u00f4t\u00e9 sp\u00e9cial \u00e0 ces vases d&#8217;exception. Pratiques, ils peuvent accueillir des fleurs et des cr\u00e9ations diverses et vari\u00e9es. Fabriqu\u00e9e en Italie, chaque pi\u00e8ce se diff\u00e9rencie des autres. Les mouvements du vase se forment et prennent vie avec \u00e9l\u00e9gance. version 1 \u00a0\u00a0\u00a0\u00a0\u00a0\u00a0\u00a0\u00a0\u00a0\u00a0 hauteur 22 cm, diam\u00e8tre 17 cm version [&hellip;]<\/p>\n","protected":false},"featured_media":3048,"template":"","meta":{"_acf_changed":false},"product_brand":[],"product_cat":[71],"product_tag":[],"class_list":{"0":"post-2959","1":"product","2":"type-product","3":"status-publish","4":"has-post-thumbnail","6":"product_cat-classique","8":"first","9":"instock","10":"taxable","11":"shipping-taxable","12":"purchasable","13":"product-type-variable","14":"has-default-attributes"},"acf":[],"yoast_head":"<!-- This site is optimized with the Yoast SEO plugin v27.3 - https:\/\/yoast.com\/product\/yoast-seo-wordpress\/ -->\n<title>Vases - collection &#039;Venini&#039; - Meylan Fleurs, Lausanne<\/title>\n<meta name=\"robots\" content=\"index, follow, max-snippet:-1, max-image-preview:large, max-video-preview:-1\" \/>\n<link rel=\"canonical\" href=\"https:\/\/www.meylanfleurs.com\/ru\/produit\/vases-collection-venini\/\" \/>\n<meta property=\"og:locale\" content=\"ru_RU\" \/>\n<meta property=\"og:type\" content=\"article\" \/>\n<meta property=\"og:title\" content=\"Vases - collection &#039;Venini&#039; - Meylan Fleurs, Lausanne\" \/>\n<meta property=\"og:description\" content=\"Des courbes originales et uniques donnent une c\u00f4t\u00e9 sp\u00e9cial \u00e0 ces vases d&#8217;exception. Pratiques, ils peuvent accueillir des fleurs et des cr\u00e9ations diverses et vari\u00e9es. Fabriqu\u00e9e en Italie, chaque pi\u00e8ce se diff\u00e9rencie des autres. Les mouvements du vase se forment et prennent vie avec \u00e9l\u00e9gance. version 1 \u00a0\u00a0\u00a0\u00a0\u00a0\u00a0\u00a0\u00a0\u00a0\u00a0 hauteur 22 cm, diam\u00e8tre 17 cm version [&hellip;]\" \/>\n<meta property=\"og:url\" content=\"https:\/\/www.meylanfleurs.com\/ru\/produit\/vases-collection-venini\/\" \/>\n<meta property=\"og:site_name\" content=\"Meylan Fleurs, Lausanne\" \/>\n<meta property=\"article:modified_time\" content=\"2021-05-03T12:30:05+00:00\" \/>\n<meta property=\"og:image\" content=\"https:\/\/www.meylanfleurs.com\/wp-content\/uploads\/2021\/03\/IMG_0326-scaled.jpg\" \/>\n\t<meta property=\"og:image:width\" content=\"2095\" \/>\n\t<meta property=\"og:image:height\" content=\"2560\" \/>\n\t<meta property=\"og:image:type\" content=\"image\/jpeg\" \/>\n<meta name=\"twitter:card\" content=\"summary_large_image\" \/>\n<meta name=\"twitter:label1\" content=\"Est. reading time\" \/>\n\t<meta name=\"twitter:data1\" content=\"1 minute\" \/>\n<script type=\"application\/ld+json\" class=\"yoast-schema-graph\">{\"@context\":\"https:\\\/\\\/schema.org\",\"@graph\":[{\"@type\":\"WebPage\",\"@id\":\"https:\\\/\\\/www.meylanfleurs.com\\\/ru\\\/produit\\\/vases-collection-venini\\\/\",\"url\":\"https:\\\/\\\/www.meylanfleurs.com\\\/ru\\\/produit\\\/vases-collection-venini\\\/\",\"name\":\"Vases - collection 'Venini' - Meylan Fleurs, Lausanne\",\"isPartOf\":{\"@id\":\"https:\\\/\\\/www.meylanfleurs.com\\\/#website\"},\"primaryImageOfPage\":{\"@id\":\"https:\\\/\\\/www.meylanfleurs.com\\\/ru\\\/produit\\\/vases-collection-venini\\\/#primaryimage\"},\"image\":{\"@id\":\"https:\\\/\\\/www.meylanfleurs.com\\\/ru\\\/produit\\\/vases-collection-venini\\\/#primaryimage\"},\"thumbnailUrl\":\"https:\\\/\\\/www.meylanfleurs.com\\\/wp-content\\\/uploads\\\/2021\\\/03\\\/IMG_0326-scaled.jpg\",\"datePublished\":\"2021-03-20T14:17:41+00:00\",\"dateModified\":\"2021-05-03T12:30:05+00:00\",\"breadcrumb\":{\"@id\":\"https:\\\/\\\/www.meylanfleurs.com\\\/ru\\\/produit\\\/vases-collection-venini\\\/#breadcrumb\"},\"inLanguage\":\"ru-RU\",\"potentialAction\":[{\"@type\":\"ReadAction\",\"target\":[\"https:\\\/\\\/www.meylanfleurs.com\\\/ru\\\/produit\\\/vases-collection-venini\\\/\"]}]},{\"@type\":\"ImageObject\",\"inLanguage\":\"ru-RU\",\"@id\":\"https:\\\/\\\/www.meylanfleurs.com\\\/ru\\\/produit\\\/vases-collection-venini\\\/#primaryimage\",\"url\":\"https:\\\/\\\/www.meylanfleurs.com\\\/wp-content\\\/uploads\\\/2021\\\/03\\\/IMG_0326-scaled.jpg\",\"contentUrl\":\"https:\\\/\\\/www.meylanfleurs.com\\\/wp-content\\\/uploads\\\/2021\\\/03\\\/IMG_0326-scaled.jpg\",\"width\":2095,\"height\":2560},{\"@type\":\"BreadcrumbList\",\"@id\":\"https:\\\/\\\/www.meylanfleurs.com\\\/ru\\\/produit\\\/vases-collection-venini\\\/#breadcrumb\",\"itemListElement\":[{\"@type\":\"ListItem\",\"position\":1,\"name\":\"Accueil\",\"item\":\"https:\\\/\\\/www.meylanfleurs.com\\\/ru\\\/\"},{\"@type\":\"ListItem\",\"position\":2,\"name\":\"\u041c\u0430\u0433\u0430\u0437\u0438\u043d\",\"item\":\"https:\\\/\\\/www.meylanfleurs.com\\\/ru\\\/%d0%bc%d0%b0%d0%b3%d0%b0%d0%b7%d0%b8%d0%bd\\\/\"},{\"@type\":\"ListItem\",\"position\":3,\"name\":\"Vases &#8211; collection &#8216;Venini&#8217;\"}]},{\"@type\":\"WebSite\",\"@id\":\"https:\\\/\\\/www.meylanfleurs.com\\\/#website\",\"url\":\"https:\\\/\\\/www.meylanfleurs.com\\\/\",\"name\":\"Meylan Fleurs, Lausanne\",\"description\":\"Magasin de fleurs et atelier\",\"potentialAction\":[{\"@type\":\"SearchAction\",\"target\":{\"@type\":\"EntryPoint\",\"urlTemplate\":\"https:\\\/\\\/www.meylanfleurs.com\\\/?s={search_term_string}\"},\"query-input\":{\"@type\":\"PropertyValueSpecification\",\"valueRequired\":true,\"valueName\":\"search_term_string\"}}],\"inLanguage\":\"ru-RU\"}]}<\/script>\n<!-- \/ Yoast SEO plugin. -->","yoast_head_json":{"title":"Vases - collection 'Venini' - Meylan Fleurs, Lausanne","robots":{"index":"index","follow":"follow","max-snippet":"max-snippet:-1","max-image-preview":"max-image-preview:large","max-video-preview":"max-video-preview:-1"},"canonical":"https:\/\/www.meylanfleurs.com\/ru\/produit\/vases-collection-venini\/","og_locale":"ru_RU","og_type":"article","og_title":"Vases - collection 'Venini' - Meylan Fleurs, Lausanne","og_description":"Des courbes originales et uniques donnent une c\u00f4t\u00e9 sp\u00e9cial \u00e0 ces vases d&#8217;exception. Pratiques, ils peuvent accueillir des fleurs et des cr\u00e9ations diverses et vari\u00e9es. Fabriqu\u00e9e en Italie, chaque pi\u00e8ce se diff\u00e9rencie des autres. Les mouvements du vase se forment et prennent vie avec \u00e9l\u00e9gance. version 1 \u00a0\u00a0\u00a0\u00a0\u00a0\u00a0\u00a0\u00a0\u00a0\u00a0 hauteur 22 cm, diam\u00e8tre 17 cm version [&hellip;]","og_url":"https:\/\/www.meylanfleurs.com\/ru\/produit\/vases-collection-venini\/","og_site_name":"Meylan Fleurs, Lausanne","article_modified_time":"2021-05-03T12:30:05+00:00","og_image":[{"width":2095,"height":2560,"url":"https:\/\/www.meylanfleurs.com\/wp-content\/uploads\/2021\/03\/IMG_0326-scaled.jpg","type":"image\/jpeg"}],"twitter_card":"summary_large_image","twitter_misc":{"Est. reading time":"1 minute"},"schema":{"@context":"https:\/\/schema.org","@graph":[{"@type":"WebPage","@id":"https:\/\/www.meylanfleurs.com\/ru\/produit\/vases-collection-venini\/","url":"https:\/\/www.meylanfleurs.com\/ru\/produit\/vases-collection-venini\/","name":"Vases - collection 'Venini' - Meylan Fleurs, Lausanne","isPartOf":{"@id":"https:\/\/www.meylanfleurs.com\/#website"},"primaryImageOfPage":{"@id":"https:\/\/www.meylanfleurs.com\/ru\/produit\/vases-collection-venini\/#primaryimage"},"image":{"@id":"https:\/\/www.meylanfleurs.com\/ru\/produit\/vases-collection-venini\/#primaryimage"},"thumbnailUrl":"https:\/\/www.meylanfleurs.com\/wp-content\/uploads\/2021\/03\/IMG_0326-scaled.jpg","datePublished":"2021-03-20T14:17:41+00:00","dateModified":"2021-05-03T12:30:05+00:00","breadcrumb":{"@id":"https:\/\/www.meylanfleurs.com\/ru\/produit\/vases-collection-venini\/#breadcrumb"},"inLanguage":"ru-RU","potentialAction":[{"@type":"ReadAction","target":["https:\/\/www.meylanfleurs.com\/ru\/produit\/vases-collection-venini\/"]}]},{"@type":"ImageObject","inLanguage":"ru-RU","@id":"https:\/\/www.meylanfleurs.com\/ru\/produit\/vases-collection-venini\/#primaryimage","url":"https:\/\/www.meylanfleurs.com\/wp-content\/uploads\/2021\/03\/IMG_0326-scaled.jpg","contentUrl":"https:\/\/www.meylanfleurs.com\/wp-content\/uploads\/2021\/03\/IMG_0326-scaled.jpg","width":2095,"height":2560},{"@type":"BreadcrumbList","@id":"https:\/\/www.meylanfleurs.com\/ru\/produit\/vases-collection-venini\/#breadcrumb","itemListElement":[{"@type":"ListItem","position":1,"name":"Accueil","item":"https:\/\/www.meylanfleurs.com\/ru\/"},{"@type":"ListItem","position":2,"name":"\u041c\u0430\u0433\u0430\u0437\u0438\u043d","item":"https:\/\/www.meylanfleurs.com\/ru\/%d0%bc%d0%b0%d0%b3%d0%b0%d0%b7%d0%b8%d0%bd\/"},{"@type":"ListItem","position":3,"name":"Vases &#8211; collection &#8216;Venini&#8217;"}]},{"@type":"WebSite","@id":"https:\/\/www.meylanfleurs.com\/#website","url":"https:\/\/www.meylanfleurs.com\/","name":"Meylan Fleurs, Lausanne","description":"Magasin de fleurs et atelier","potentialAction":[{"@type":"SearchAction","target":{"@type":"EntryPoint","urlTemplate":"https:\/\/www.meylanfleurs.com\/?s={search_term_string}"},"query-input":{"@type":"PropertyValueSpecification","valueRequired":true,"valueName":"search_term_string"}}],"inLanguage":"ru-RU"}]}},"_links":{"self":[{"href":"https:\/\/www.meylanfleurs.com\/ru\/wp-json\/wp\/v2\/product\/2959","targetHints":{"allow":["GET"]}}],"collection":[{"href":"https:\/\/www.meylanfleurs.com\/ru\/wp-json\/wp\/v2\/product"}],"about":[{"href":"https:\/\/www.meylanfleurs.com\/ru\/wp-json\/wp\/v2\/types\/product"}],"wp:featuredmedia":[{"embeddable":true,"href":"https:\/\/www.meylanfleurs.com\/ru\/wp-json\/wp\/v2\/media\/3048"}],"wp:attachment":[{"href":"https:\/\/www.meylanfleurs.com\/ru\/wp-json\/wp\/v2\/media?parent=2959"}],"wp:term":[{"taxonomy":"product_brand","embeddable":true,"href":"https:\/\/www.meylanfleurs.com\/ru\/wp-json\/wp\/v2\/product_brand?post=2959"},{"taxonomy":"product_cat","embeddable":true,"href":"https:\/\/www.meylanfleurs.com\/ru\/wp-json\/wp\/v2\/product_cat?post=2959"},{"taxonomy":"product_tag","embeddable":true,"href":"https:\/\/www.meylanfleurs.com\/ru\/wp-json\/wp\/v2\/product_tag?post=2959"}],"curies":[{"name":"wp","href":"https:\/\/api.w.org\/{rel}","templated":true}]}}